{"id":17670,"date":"2025-07-07T15:40:32","date_gmt":"2025-07-07T13:40:32","guid":{"rendered":"https:\/\/indicate.me\/no\/?page_id=17670"},"modified":"2025-09-08T11:49:31","modified_gmt":"2025-09-08T11:49:31","slug":"faq","status":"publish","type":"page","link":"https:\/\/indicate-me.com\/no\/faq\/","title":{"rendered":"FAQ"},"content":{"rendered":"<div id='av_section_1'  class='avia-section av-ng2lye-72aead61652aebe77d07de1da7d0c991 main_color avia-section-default avia-no-border-styling  avia-builder-el-0  el_before_av_submenu  avia-builder-el-first  avia-bg-style-scroll container_wrap fullsize'  ><div class='container av-section-cont-open' ><main  role=\"main\" itemprop=\"mainContentOfPage\"  class='template-page content  av-content-full alpha units'><div class='post-entry post-entry-type-page post-entry-17670'><div class='entry-content-wrapper clearfix'>\n<div class='flex_column_table av-mct46kqd-13904ab918ef2d5caf4590782b6308a6 sc-av_one_half av-equal-height-column-flextable'>\n<style type=\"text\/css\" data-created_by=\"avia_inline_auto\" id=\"style-css-av-mct46kqd-13904ab918ef2d5caf4590782b6308a6\">\n.flex_column.av-mct46kqd-13904ab918ef2d5caf4590782b6308a6{\npadding:0 0 0 10%;\n}\n\n@media only screen and (max-width: 479px){ \n.flex_column.av-mct46kqd-13904ab918ef2d5caf4590782b6308a6{\npadding:0 6% 0 6%;\n}\n}\n<\/style>\n<div  class='flex_column av-mct46kqd-13904ab918ef2d5caf4590782b6308a6 av_one_half  avia-builder-el-1  el_before_av_one_half  avia-builder-el-first  first flex_column_table_cell av-equal-height-column av-align-middle  '     ><p>\n<style type=\"text\/css\" data-created_by=\"avia_inline_auto\" id=\"style-css-av-mct4bppw-e9c331678219933d301e98f3b4352d0f\">\n#top .av-special-heading.av-mct4bppw-e9c331678219933d301e98f3b4352d0f{\npadding-bottom:10px;\n}\nbody .av-special-heading.av-mct4bppw-e9c331678219933d301e98f3b4352d0f .av-special-heading-tag .heading-char{\nfont-size:25px;\n}\n.av-special-heading.av-mct4bppw-e9c331678219933d301e98f3b4352d0f .av-subheading{\nfont-size:15px;\ncolor:#855ba3;\n}\n<\/style>\n<div  class='av-special-heading av-mct4bppw-e9c331678219933d301e98f3b4352d0f av-special-heading-h1 custom-color-heading blockquote modern-quote  avia-builder-el-2  el_before_av_textblock  avia-builder-el-first '><div class='av-subheading av-subheading_above'><p>FAQ<\/p>\n<\/div><h1 class='av-special-heading-tag '  itemprop=\"headline\"  >Ofte stilte sp\u00f8rsm\u00e5l og svar<\/h1><div class=\"special-heading-border\"><div class=\"special-heading-inner-border\"><\/div><\/div><\/div><br \/>\n<section  class='av_textblock_section av-mct4bzex-6e52f25c8570046ddd760b921f345328 '   itemscope=\"itemscope\" itemtype=\"https:\/\/schema.org\/CreativeWork\" ><div class='avia_textblock'  itemprop=\"text\" ><p data-start=\"63\" data-end=\"267\">Vil du raskt vite mer om Indicate me, hva <a href=\"https:\/\/techtidningen.se\/deras-ai-coach-kvalitetssakrar-kundmotet\/\">AI Buddy<\/a> gj\u00f8r, eller hvordan dere kan jobbe smartere med AI-genererte innsikter? Sjekk ut v\u00e5r FAQ \u2013 vi har samlet de vanligste sp\u00f8rsm\u00e5lene her.<\/p>\n<\/div><\/section><\/p><\/div><div class='av-flex-placeholder'><\/div>\n<style type=\"text\/css\" data-created_by=\"avia_inline_auto\" id=\"style-css-av-mct46vbu-58acdc932b3a4e1a4290cd19e9819ed9\">\n.flex_column.av-mct46vbu-58acdc932b3a4e1a4290cd19e9819ed9{\npadding:0 10% 0 0;\n}\n\n@media only screen and (max-width: 479px){ \n.flex_column.av-mct46vbu-58acdc932b3a4e1a4290cd19e9819ed9{\npadding:0 6% 0 6%;\n}\n}\n<\/style>\n<div  class='flex_column av-mct46vbu-58acdc932b3a4e1a4290cd19e9819ed9 av_one_half  avia-builder-el-4  el_after_av_one_half  avia-builder-el-last  flex_column_table_cell av-equal-height-column av-align-middle  '     ><style type=\"text\/css\" data-created_by=\"avia_inline_auto\" id=\"style-css-av-mct4am99-694730b2a95aeb8158599c80ff4e432f\">\n.avia-image-container.av-mct4am99-694730b2a95aeb8158599c80ff4e432f img.avia_image{\nbox-shadow:none;\n}\n.avia-image-container.av-mct4am99-694730b2a95aeb8158599c80ff4e432f .av-image-caption-overlay-center{\ncolor:#ffffff;\n}\n<\/style>\n<div  class='avia-image-container av-mct4am99-694730b2a95aeb8158599c80ff4e432f av-styling- avia-align-center  avia-builder-el-5  avia-builder-el-no-sibling '   itemprop=\"image\" itemscope=\"itemscope\" itemtype=\"https:\/\/schema.org\/ImageObject\" ><div class=\"avia-image-container-inner\"><div class=\"avia-image-overlay-wrap\"><img decoding=\"async\" fetchpriority=\"high\" class='wp-image-17671 avia-img-lazy-loading-not-17671 avia_image ' src=\"https:\/\/indicate-me.com\/no\/wp-content\/uploads\/2025\/07\/faq-ofte-stilte-sporsmal-600x400-1.webp\" alt='' title='faq-ofte-stilte- sporsmal-600x400'  height=\"400\" width=\"600\"  itemprop=\"thumbnailUrl\" srcset=\"https:\/\/indicate-me.com\/no\/wp-content\/uploads\/2025\/07\/faq-ofte-stilte-sporsmal-600x400-1.webp 600w, https:\/\/indicate-me.com\/no\/wp-content\/uploads\/2025\/07\/faq-ofte-stilte-sporsmal-600x400-1-300x200.webp 300w\" sizes=\"(max-width: 600px) 100vw, 600px\" \/><\/div><\/div><\/div><\/div><\/div><!--close column table wrapper. Autoclose: 1 -->\n\n<\/div><\/div><\/main><!-- close content main element --><\/div><\/div><div class='clear'><\/div><div id='sub_menu1'  class='av-submenu-container av-mct49x0e-b33409382b45726e073b31ea95db8f1c main_color  avia-builder-el-6  el_after_av_section  el_before_av_section  av-sticky-submenu submenu-not-first container_wrap fullsize' style='z-index:301' ><div class='container av-menu-mobile-disabled av-submenu-pos-center'><ul id='av-custom-submenu-1' class='av-subnav-menu' role='menu'>\n<li class='menu-item av-mct48122-a1a077e33b96d1fd99cacd0ff881f9e5 menu-item-top-level av-menu-button av-menu-button-colored menu-item-top-level-1' role='menuitem'><a href='https:\/\/indicate-me.com\/no\/faq\/'  ><span class='avia-bullet'><\/span><span class='avia-menu-text'>Om Indicate me<\/span><\/a><\/li>\n<li class='menu-item av-mct484xf-42373febcc21ed2998b581d2b13846c7 menu-item-top-level menu-item-top-level-2' role='menuitem'><a href='https:\/\/indicate-me.com\/no\/faq-ai-buddy\/'  ><span class='avia-bullet'><\/span><span class='avia-menu-text'>AI Buddy<\/span><\/a><\/li>\n<li class='menu-item av-mct48jx9-a27ea33717a71f9668829760d44da41b menu-item-top-level menu-item-top-level-3' role='menuitem'><a href='https:\/\/indicate-me.com\/no\/faq-tekts-og-taleanalyse\/'  ><span class='avia-bullet'><\/span><span class='avia-menu-text'>Tekst- og taleanalyse<\/span><\/a><\/li>\n<li class='menu-item av-mct491xf-6f45a5a0a03bbfc9086dfbae82103cba menu-item-top-level menu-item-top-level-4' role='menuitem'><a href='https:\/\/indicate-me.com\/no\/faq-tekstbaserte-innsikter\/'  ><span class='avia-bullet'><\/span><span class='avia-menu-text'>Tekstbaserte innsikter<\/span><\/a><\/li>\n<li class='menu-item av-mct49juf-d2b77fe159e372b53fdba351faca9170 menu-item-top-level menu-item-top-level-5' role='menuitem'><a href='https:\/\/indicate-me.com\/no\/faq-kundetilfredshet\/'  ><span class='avia-bullet'><\/span><span class='avia-menu-text'>Kundetilfredshet<\/span><\/a><\/li>\n<li class='menu-item av-mct49wno-4aa051bd4f318cd10471feb2b32a85ff menu-item-top-level menu-item-top-level-6' role='menuitem'><a href='https:\/\/indicate-me.com\/no\/faq-ai-kategorisering\/'  ><span class='avia-bullet'><\/span><span class='avia-menu-text'>Kategorisering<\/span><\/a><\/li>\n<\/ul><\/div><\/div><div class='sticky_placeholder'><\/div>\n\n<style type=\"text\/css\" data-created_by=\"avia_inline_auto\" id=\"style-css-av-mct4fb0l-2120151e95af89b2fe80c1ab2f1018fd\">\n.avia-section.av-mct4fb0l-2120151e95af89b2fe80c1ab2f1018fd{\nbackground-color:#ebebeb;\nbackground-image:unset;\n}\n<\/style>\n<div id='av_section_2'  class='avia-section av-mct4fb0l-2120151e95af89b2fe80c1ab2f1018fd main_color avia-section-default avia-no-border-styling  avia-builder-el-7  el_after_av_submenu  avia-builder-el-last  avia-bg-style-scroll container_wrap fullsize'  ><div class='container av-section-cont-open' ><div class='template-page content  av-content-full alpha units'><div class='post-entry post-entry-type-page post-entry-17670'><div class='entry-content-wrapper clearfix'>\n\n<style type=\"text\/css\" data-created_by=\"avia_inline_auto\" id=\"style-css-av-mct4cty4-d0e9293db745f2cdd8f13f936594f839\">\n.flex_column.av-mct4cty4-d0e9293db745f2cdd8f13f936594f839{\npadding:3% 15% 3% 15%;\n}\n\n@media only screen and (max-width: 479px){ \n.flex_column.av-mct4cty4-d0e9293db745f2cdd8f13f936594f839{\npadding:0 6% 0 6%;\n}\n}\n<\/style>\n<div  class='flex_column av-mct4cty4-d0e9293db745f2cdd8f13f936594f839 av_one_full  avia-builder-el-8  avia-builder-el-no-sibling  first flex_column_div  '     ><style type=\"text\/css\" data-created_by=\"avia_inline_auto\" id=\"style-css-av-mct4essa-f67b8289613689df154f6ef335f5018d\">\n#top .togglecontainer.av-mct4essa-f67b8289613689df154f6ef335f5018d p.toggler:not(.activeTitle):hover{\ncolor:#ffffff;\nbackground-color:#855ba3;\n}\n#top .togglecontainer.av-mct4essa-f67b8289613689df154f6ef335f5018d p.toggler:not(.activeTitle):hover .toggle_icon, #top .togglecontainer.av-mct4essa-f67b8289613689df154f6ef335f5018d p.toggler:not(.activeTitle):hover .toggle_icon *{\nborder-color:#ffffff !important;\n}\n<\/style>\n<div  class='togglecontainer av-mct4essa-f67b8289613689df154f6ef335f5018d av-elegant-toggle  avia-builder-el-9  avia-builder-el-no-sibling  toggle_close_all'  itemscope=\"itemscope\" itemtype=\"https:\/\/schema.org\/FAQPage\" >\n<section class='av_toggle_section av-mct4dgf1-a275d04270ecaf38b7dd4122494aeb44'  itemscope=\"itemscope\" itemprop=\"mainEntity\" itemtype=\"https:\/\/schema.org\/Question\" ><div role=\"tablist\" class=\"single_toggle\" data-tags=\"{Alla} \"  ><p id='toggle-toggle-id-1' data-fake-id='#toggle-id-1' class='toggler  av-title-above '  itemprop=\"name\"  role='tab' tabindex='0' aria-controls='toggle-id-1' data-slide-speed=\"200\" data-title=\"Hvordan hjelper Indicate me bedrifter med \u00e5 bruke AI for \u00e5 f\u00e5 innsikt og ta bedre beslutninger?\" data-title-open=\"\" data-aria_collapsed=\"Click to expand: Hvordan hjelper Indicate me bedrifter med \u00e5 bruke AI for \u00e5 f\u00e5 innsikt og ta bedre beslutninger?\" data-aria_expanded=\"Click to collapse: Hvordan hjelper Indicate me bedrifter med \u00e5 bruke AI for \u00e5 f\u00e5 innsikt og ta bedre beslutninger?\">Hvordan hjelper Indicate me bedrifter med \u00e5 bruke AI for \u00e5 f\u00e5 innsikt og ta bedre beslutninger?<span class=\"toggle_icon\"><span class=\"vert_icon\"><\/span><span class=\"hor_icon\"><\/span><\/span><\/p><div id='toggle-id-1' aria-labelledby='toggle-toggle-id-1' role='region' class='toggle_wrap  av-title-above'   itemscope=\"itemscope\" itemprop=\"acceptedAnswer\" itemtype=\"https:\/\/schema.org\/Answer\" ><div class='toggle_content invers-color '  itemprop=\"text\" ><p>Indicate me tilbyr AI-baserte l\u00f8sninger for \u00e5 analysere og visualisere innsikter fra store datamengder. Verkt\u00f8yet v\u00e5rt analyserer, oppsummerer og kategoriserer interaksjoner og tilbakemeldinger, noe som gj\u00f8r det enklere for organisasjoner \u00e5 m\u00e5le kundetilfredshet, forst\u00e5 trender, engasjere medarbeidere, ta datadrevne beslutninger og kontinuerlig forbedre b\u00e5de kunde- og medarbeideropplevelser.<\/p>\n<\/div><\/div><\/div><\/section>\n<section class='av_toggle_section av-mct4dpsr-640402a63764d68edf1e2f29dea084ac'  itemscope=\"itemscope\" itemprop=\"mainEntity\" itemtype=\"https:\/\/schema.org\/Question\" ><div role=\"tablist\" class=\"single_toggle\" data-tags=\"{Alla} \"  ><p id='toggle-toggle-id-2' data-fake-id='#toggle-id-2' class='toggler  av-title-above '  itemprop=\"name\"  role='tab' tabindex='0' aria-controls='toggle-id-2' data-slide-speed=\"200\" data-title=\"N\u00e5r og hvorfor ble Indicate me grunnlagt, og hvilken visjon l\u00e5 bak etableringen?\" data-title-open=\"\" data-aria_collapsed=\"Click to expand: N\u00e5r og hvorfor ble Indicate me grunnlagt, og hvilken visjon l\u00e5 bak etableringen?\" data-aria_expanded=\"Click to collapse: N\u00e5r og hvorfor ble Indicate me grunnlagt, og hvilken visjon l\u00e5 bak etableringen?\">N\u00e5r og hvorfor ble Indicate me grunnlagt, og hvilken visjon l\u00e5 bak etableringen?<span class=\"toggle_icon\"><span class=\"vert_icon\"><\/span><span class=\"hor_icon\"><\/span><\/span><\/p><div id='toggle-id-2' aria-labelledby='toggle-toggle-id-2' role='region' class='toggle_wrap  av-title-above'   itemscope=\"itemscope\" itemprop=\"acceptedAnswer\" itemtype=\"https:\/\/schema.org\/Answer\" ><div class='toggle_content invers-color '  itemprop=\"text\" ><p>Indicate me startet som et internt verkt\u00f8y i et outsourcing-selskap for kundeservice, utviklet for \u00e5 effektivisere oppf\u00f8lging og redusere kostnader. Ved \u00e5 gj\u00f8re n\u00f8kkeltall om til innsikt skapte man b\u00e5de besparelser og en bedre kundeopplevelse. Over tid ble verkt\u00f8yet videreutviklet for \u00e5 heve kvaliteten i kundem\u00f8tet og \u00f8ke kundetilfredsheten. Etter sterke resultater ble Indicate me etablert som eget selskap i 2017 \u2013 med visjonen om \u00e5 gj\u00f8re l\u00f8sningen tilgjengelig for alle som vil styrke sine medarbeidere og levere kundeservice i verdensklasse.<\/p>\n<\/div><\/div><\/div><\/section>\n<section class='av_toggle_section av-mct4e2ay-055b06f461df49c225e71fce2fde1548'  itemscope=\"itemscope\" itemprop=\"mainEntity\" itemtype=\"https:\/\/schema.org\/Question\" ><div role=\"tablist\" class=\"single_toggle\" data-tags=\"{Alla} \"  ><p id='toggle-toggle-id-3' data-fake-id='#toggle-id-3' class='toggler  av-title-above '  itemprop=\"name\"  role='tab' tabindex='0' aria-controls='toggle-id-3' data-slide-speed=\"200\" data-title=\"Hvordan bidrar Indicate me til \u00abdemokratisering av innsikt\u00bb i organisasjoner og beslutningstaking?\" data-title-open=\"\" data-aria_collapsed=\"Click to expand: Hvordan bidrar Indicate me til \u00abdemokratisering av innsikt\u00bb i organisasjoner og beslutningstaking?\" data-aria_expanded=\"Click to collapse: Hvordan bidrar Indicate me til \u00abdemokratisering av innsikt\u00bb i organisasjoner og beslutningstaking?\">Hvordan bidrar Indicate me til \u00abdemokratisering av innsikt\u00bb i organisasjoner og beslutningstaking?<span class=\"toggle_icon\"><span class=\"vert_icon\"><\/span><span class=\"hor_icon\"><\/span><\/span><\/p><div id='toggle-id-3' aria-labelledby='toggle-toggle-id-3' role='region' class='toggle_wrap  av-title-above'   itemscope=\"itemscope\" itemprop=\"acceptedAnswer\" itemtype=\"https:\/\/schema.org\/Answer\" ><div class='toggle_content invers-color '  itemprop=\"text\" ><p>\u00abDemokratisering av innsikt\u00bb betyr at alle medarbeidere, uavhengig av rolle, f\u00e5r tilgang til innsikter som er relevante for deres arbeid. Med Indicate me blir data ikke lenger l\u00e5st i hierarkiske siloer, men delt p\u00e5 en m\u00e5te som gj\u00f8r informasjonen tilgjengelig for hele organisasjonen. Samtidig er verkt\u00f8yet tilgangsstyrt, slik at riktig person f\u00e5r riktige innsikter p\u00e5 riktig niv\u00e5. Det gj\u00f8r at flere kan bidra med forbedringsinitiativ, bruke sin kreativitet og ta raskere beslutninger som styrker kundeopplevelsen.<\/p>\n<\/div><\/div><\/div><\/section>\n<section class='av_toggle_section av-mct4egk3-bda34541f083334cd73fe1a025c8944e'  itemscope=\"itemscope\" itemprop=\"mainEntity\" itemtype=\"https:\/\/schema.org\/Question\" ><div role=\"tablist\" class=\"single_toggle\" data-tags=\"{Alla} \"  ><p id='toggle-toggle-id-4' data-fake-id='#toggle-id-4' class='toggler  av-title-above '  itemprop=\"name\"  role='tab' tabindex='0' aria-controls='toggle-id-4' data-slide-speed=\"200\" data-title=\"Hvilke typer virksomheter f\u00e5r st\u00f8rst verdi av Indicate me sine AI-baserte l\u00f8sninger?\" data-title-open=\"\" data-aria_collapsed=\"Click to expand: Hvilke typer virksomheter f\u00e5r st\u00f8rst verdi av Indicate me sine AI-baserte l\u00f8sninger?\" data-aria_expanded=\"Click to collapse: Hvilke typer virksomheter f\u00e5r st\u00f8rst verdi av Indicate me sine AI-baserte l\u00f8sninger?\">Hvilke typer virksomheter f\u00e5r st\u00f8rst verdi av Indicate me sine AI-baserte l\u00f8sninger?<span class=\"toggle_icon\"><span class=\"vert_icon\"><\/span><span class=\"hor_icon\"><\/span><\/span><\/p><div id='toggle-id-4' aria-labelledby='toggle-toggle-id-4' role='region' class='toggle_wrap  av-title-above'   itemscope=\"itemscope\" itemprop=\"acceptedAnswer\" itemtype=\"https:\/\/schema.org\/Answer\" ><div class='toggle_content invers-color '  itemprop=\"text\" ><p>Indicate me sine AI-drevne l\u00f8sninger passer for virksomheter i alle bransjer som vil bli mer kunde- og datadrevne. Verkt\u00f8yet v\u00e5rt skaper verdi p\u00e5 tvers av organisasjonen \u2013 for eksempel:<\/p>\n<ul>\n<li>Kundeservice<\/li>\n<li>Salg<\/li>\n<li>Marked<\/li>\n<li>Produkt<\/li>\n<\/ul>\n<p>Som en innsiktshub gj\u00f8r vi relevante kundeinnsikter tilgjengelige for hele organisasjonen p\u00e5 en brukervennlig m\u00e5te. Det gj\u00f8r det enklere \u00e5 forst\u00e5 data, handle p\u00e5 innsikt og ta raskere beslutninger som gir tydeligere fokus og bedre samhandling.<\/p>\n<\/div><\/div><\/div><\/section>\n<section class='av_toggle_section av-mct4ern3-bdc608b02f7e33037581eb009319ebad'  itemscope=\"itemscope\" itemprop=\"mainEntity\" itemtype=\"https:\/\/schema.org\/Question\" ><div role=\"tablist\" class=\"single_toggle\" data-tags=\"{Alla} \"  ><p id='toggle-toggle-id-5' data-fake-id='#toggle-id-5' class='toggler  av-title-above '  itemprop=\"name\"  role='tab' tabindex='0' aria-controls='toggle-id-5' data-slide-speed=\"200\" data-title=\"Hvilken type kundest\u00f8tte og hjelp kan virksomheter forvente n\u00e5r de bruker Indicate me?\" data-title-open=\"\" data-aria_collapsed=\"Click to expand: Hvilken type kundest\u00f8tte og hjelp kan virksomheter forvente n\u00e5r de bruker Indicate me?\" data-aria_expanded=\"Click to collapse: Hvilken type kundest\u00f8tte og hjelp kan virksomheter forvente n\u00e5r de bruker Indicate me?\">Hvilken type kundest\u00f8tte og hjelp kan virksomheter forvente n\u00e5r de bruker Indicate me?<span class=\"toggle_icon\"><span class=\"vert_icon\"><\/span><span class=\"hor_icon\"><\/span><\/span><\/p><div id='toggle-id-5' aria-labelledby='toggle-toggle-id-5' role='region' class='toggle_wrap  av-title-above'   itemscope=\"itemscope\" itemprop=\"acceptedAnswer\" itemtype=\"https:\/\/schema.org\/Answer\" ><div class='toggle_content invers-color '  itemprop=\"text\" ><p>Virksomheter som bruker Indicate me f\u00e5r st\u00f8tte gjennom hele reisen. Vi hjelper dere i gang med verkt\u00f8yet, gir oppl\u00e6ring i funksjonalitet og beste praksis for maksimal effekt. Indicate me tar ansvar for hele implementeringsprosessen \u2013 inkludert kontakt med underleverand\u00f8rer for integrasjoner \u2013 noe som gj\u00f8r oppstarten smidig og trygg.<\/p>\n<\/div><\/div><\/div><\/section>\n<section class='av_toggle_section av-mfb227p6-426a8c68b9ca22df63506856a4cdadab'  itemscope=\"itemscope\" itemprop=\"mainEntity\" itemtype=\"https:\/\/schema.org\/Question\" ><div role=\"tablist\" class=\"single_toggle\" data-tags=\"{Alla} \"  ><p id='toggle-toggle-id-6' data-fake-id='#toggle-id-6' class='toggler  av-title-above '  itemprop=\"name\"  role='tab' tabindex='0' aria-controls='toggle-id-6' data-slide-speed=\"200\" data-title=\"Hva er Indicate me sin NPS (Net Promoter Score)?\" data-title-open=\"\" data-aria_collapsed=\"Click to expand: Hva er Indicate me sin NPS (Net Promoter Score)?\" data-aria_expanded=\"Click to collapse: Hva er Indicate me sin NPS (Net Promoter Score)?\">Hva er Indicate me sin NPS (Net Promoter Score)?<span class=\"toggle_icon\"><span class=\"vert_icon\"><\/span><span class=\"hor_icon\"><\/span><\/span><\/p><div id='toggle-id-6' aria-labelledby='toggle-toggle-id-6' role='region' class='toggle_wrap  av-title-above'   itemscope=\"itemscope\" itemprop=\"acceptedAnswer\" itemtype=\"https:\/\/schema.org\/Answer\" ><div class='toggle_content invers-color '  itemprop=\"text\" ><p><strong>Hva er Indicate me sin NPS (Net Promoter Score)?<\/strong><\/p>\n<ul>\n<li>P\u00e5 tvers av hele kundeportef\u00f8ljen har Indicate me en NPS p\u00e5 82.<\/li>\n<li>Blant mellomstore og st\u00f8rre kunder er NPS 91.<\/li>\n<li>Blant kunder som bruker v\u00e5rt AI-produkt er NPS hele 100.<\/li>\n<\/ul>\n<p>Totalt samarbeider vi i dag med over 100 merkevarer i v\u00e5r kundeportef\u00f8lje.<\/p>\n<\/div><\/div><\/div><\/section>\n<\/div><\/div>\n\n","protected":false},"excerpt":{"rendered":"","protected":false},"author":3,"featured_media":0,"parent":0,"menu_order":0,"comment_status":"closed","ping_status":"closed","template":"","meta":{"footnotes":""},"class_list":["post-17670","page","type-page","status-publish","hentry"],"_links":{"self":[{"href":"https:\/\/indicate-me.com\/no\/wp-json\/wp\/v2\/pages\/17670","targetHints":{"allow":["GET"]}}],"collection":[{"href":"https:\/\/indicate-me.com\/no\/wp-json\/wp\/v2\/pages"}],"about":[{"href":"https:\/\/indicate-me.com\/no\/wp-json\/wp\/v2\/types\/page"}],"author":[{"embeddable":true,"href":"https:\/\/indicate-me.com\/no\/wp-json\/wp\/v2\/users\/3"}],"replies":[{"embeddable":true,"href":"https:\/\/indicate-me.com\/no\/wp-json\/wp\/v2\/comments?post=17670"}],"version-history":[{"count":2,"href":"https:\/\/indicate-me.com\/no\/wp-json\/wp\/v2\/pages\/17670\/revisions"}],"predecessor-version":[{"id":17786,"href":"https:\/\/indicate-me.com\/no\/wp-json\/wp\/v2\/pages\/17670\/revisions\/17786"}],"wp:attachment":[{"href":"https:\/\/indicate-me.com\/no\/wp-json\/wp\/v2\/media?parent=17670"}],"curies":[{"name":"wp","href":"https:\/\/api.w.org\/{rel}","templated":true}]}}