{"id":17679,"date":"2025-07-07T15:16:50","date_gmt":"2025-07-07T13:16:50","guid":{"rendered":"https:\/\/indicate.me\/no\/?page_id=17676"},"modified":"2025-09-08T11:56:29","modified_gmt":"2025-09-08T11:56:29","slug":"faq-ai-buddy","status":"publish","type":"page","link":"https:\/\/indicate-me.com\/no\/faq-ai-buddy\/","title":{"rendered":"FAQ AI Buddy"},"content":{"rendered":"<div id='av_section_1'  class='avia-section av-ng2lye-72aead61652aebe77d07de1da7d0c991 main_color avia-section-default avia-no-border-styling  avia-builder-el-0  el_before_av_submenu  avia-builder-el-first  avia-bg-style-scroll container_wrap fullsize'  ><div class='container av-section-cont-open' ><main  role=\"main\" itemprop=\"mainContentOfPage\"  class='template-page content  av-content-full alpha units'><div class='post-entry post-entry-type-page post-entry-17679'><div class='entry-content-wrapper clearfix'>\n<div class='flex_column_table av-mct46kqd-13904ab918ef2d5caf4590782b6308a6 sc-av_one_half av-equal-height-column-flextable'>\n<style type=\"text\/css\" data-created_by=\"avia_inline_auto\" id=\"style-css-av-mct46kqd-13904ab918ef2d5caf4590782b6308a6\">\n.flex_column.av-mct46kqd-13904ab918ef2d5caf4590782b6308a6{\npadding:0 0 0 10%;\n}\n\n@media only screen and (max-width: 479px){ \n.flex_column.av-mct46kqd-13904ab918ef2d5caf4590782b6308a6{\npadding:0 6% 0 6%;\n}\n}\n<\/style>\n<div  class='flex_column av-mct46kqd-13904ab918ef2d5caf4590782b6308a6 av_one_half  avia-builder-el-1  el_before_av_one_half  avia-builder-el-first  first flex_column_table_cell av-equal-height-column av-align-middle  '     ><p>\n<style type=\"text\/css\" data-created_by=\"avia_inline_auto\" id=\"style-css-av-mct4bppw-e9c331678219933d301e98f3b4352d0f\">\n#top .av-special-heading.av-mct4bppw-e9c331678219933d301e98f3b4352d0f{\npadding-bottom:10px;\n}\nbody .av-special-heading.av-mct4bppw-e9c331678219933d301e98f3b4352d0f .av-special-heading-tag .heading-char{\nfont-size:25px;\n}\n.av-special-heading.av-mct4bppw-e9c331678219933d301e98f3b4352d0f .av-subheading{\nfont-size:15px;\ncolor:#855ba3;\n}\n<\/style>\n<div  class='av-special-heading av-mct4bppw-e9c331678219933d301e98f3b4352d0f av-special-heading-h1 custom-color-heading blockquote modern-quote  avia-builder-el-2  el_before_av_textblock  avia-builder-el-first '><div class='av-subheading av-subheading_above'><p>FAQ<\/p>\n<\/div><h1 class='av-special-heading-tag '  itemprop=\"headline\"  >Ofte stilte sp\u00f8rsm\u00e5l og svar<\/h1><div class=\"special-heading-border\"><div class=\"special-heading-inner-border\"><\/div><\/div><\/div><br \/>\n<section  class='av_textblock_section av-mct4bzex-6e52f25c8570046ddd760b921f345328 '   itemscope=\"itemscope\" itemtype=\"https:\/\/schema.org\/CreativeWork\" ><div class='avia_textblock'  itemprop=\"text\" ><p data-start=\"63\" data-end=\"267\">Vil du raskt vite mer om Indicate me, hva <a href=\"https:\/\/techtidningen.se\/deras-ai-coach-kvalitetssakrar-kundmotet\/\">AI Buddy<\/a> gj\u00f8r, eller hvordan dere kan jobbe smartere med AI-genererte innsikter? Sjekk ut v\u00e5r FAQ \u2013 vi har samlet de vanligste sp\u00f8rsm\u00e5lene her.<\/p>\n<\/div><\/section><\/p><\/div><div class='av-flex-placeholder'><\/div>\n<style type=\"text\/css\" data-created_by=\"avia_inline_auto\" id=\"style-css-av-mct46vbu-58acdc932b3a4e1a4290cd19e9819ed9\">\n.flex_column.av-mct46vbu-58acdc932b3a4e1a4290cd19e9819ed9{\npadding:0 10% 0 0;\n}\n\n@media only screen and (max-width: 479px){ \n.flex_column.av-mct46vbu-58acdc932b3a4e1a4290cd19e9819ed9{\npadding:0 6% 0 6%;\n}\n}\n<\/style>\n<div  class='flex_column av-mct46vbu-58acdc932b3a4e1a4290cd19e9819ed9 av_one_half  avia-builder-el-4  el_after_av_one_half  avia-builder-el-last  flex_column_table_cell av-equal-height-column av-align-middle  '     ><style type=\"text\/css\" data-created_by=\"avia_inline_auto\" id=\"style-css-av-mct4am99-694730b2a95aeb8158599c80ff4e432f\">\n.avia-image-container.av-mct4am99-694730b2a95aeb8158599c80ff4e432f img.avia_image{\nbox-shadow:none;\n}\n.avia-image-container.av-mct4am99-694730b2a95aeb8158599c80ff4e432f .av-image-caption-overlay-center{\ncolor:#ffffff;\n}\n<\/style>\n<div  class='avia-image-container av-mct4am99-694730b2a95aeb8158599c80ff4e432f av-styling- avia-align-center  avia-builder-el-5  avia-builder-el-no-sibling '   itemprop=\"image\" itemscope=\"itemscope\" itemtype=\"https:\/\/schema.org\/ImageObject\" ><div class=\"avia-image-container-inner\"><div class=\"avia-image-overlay-wrap\"><img decoding=\"async\" fetchpriority=\"high\" class='wp-image-17671 avia-img-lazy-loading-not-17671 avia_image ' src=\"https:\/\/indicate-me.com\/no\/wp-content\/uploads\/2025\/07\/faq-ofte-stilte-sporsmal-600x400-1.webp\" alt='' title='faq-ofte-stilte- sporsmal-600x400'  height=\"400\" width=\"600\"  itemprop=\"thumbnailUrl\" srcset=\"https:\/\/indicate-me.com\/no\/wp-content\/uploads\/2025\/07\/faq-ofte-stilte-sporsmal-600x400-1.webp 600w, https:\/\/indicate-me.com\/no\/wp-content\/uploads\/2025\/07\/faq-ofte-stilte-sporsmal-600x400-1-300x200.webp 300w\" sizes=\"(max-width: 600px) 100vw, 600px\" \/><\/div><\/div><\/div><\/div><\/div><!--close column table wrapper. Autoclose: 1 -->\n\n<\/div><\/div><\/main><!-- close content main element --><\/div><\/div><div class='clear'><\/div><div id='sub_menu1'  class='av-submenu-container av-mct5o3g8-2ac80d78da3416f816ec8895a94c9222 main_color  avia-builder-el-6  el_after_av_section  el_before_av_section  av-sticky-submenu submenu-not-first container_wrap fullsize' style='z-index:301' ><div class='container av-menu-mobile-disabled av-submenu-pos-center'><ul id='av-custom-submenu-1' class='av-subnav-menu' role='menu'>\n<li class='menu-item av-mct5o041-59f2ee9d905151b82dc664a29aab35db menu-item-top-level menu-item-top-level-1' role='menuitem'><a href='https:\/\/indicate-me.com\/no\/faq\/'  ><span class='avia-bullet'><\/span><span class='avia-menu-text'>Om Indicate me<\/span><\/a><\/li>\n<li class='menu-item av-mct5o34r-d1001256cccd0125255c7658ab6fb782 menu-item-top-level av-menu-button av-menu-button-colored menu-item-top-level-2' role='menuitem'><a href='https:\/\/indicate-me.com\/no\/faq-ai-buddy\/'  ><span class='avia-bullet'><\/span><span class='avia-menu-text'>AI Buddy<\/span><\/a><\/li>\n<li class='menu-item av-28dy1rg-f18df053f2e42327d7e6aa90b8c85acb menu-item-top-level menu-item-top-level-3' role='menuitem'><a href='https:\/\/indicate-me.com\/no\/faq-tekts-og-taleanalyse\/'  ><span class='avia-bullet'><\/span><span class='avia-menu-text'>Tekst- og taleanalyse<\/span><\/a><\/li>\n<li class='menu-item av-1fw8grw-22625a0ec7218b6f1a0c346ebd45d0a5 menu-item-top-level menu-item-top-level-4' role='menuitem'><a href='https:\/\/indicate-me.com\/no\/faq-tekstbaserte-innsikter\/'  ><span class='avia-bullet'><\/span><span class='avia-menu-text'>Tekstbaserte innsikter<\/span><\/a><\/li>\n<li class='menu-item av-17toxkc-8a98dfdf69a5e7b2e117c8d533c855b6 menu-item-top-level menu-item-top-level-5' role='menuitem'><a href='https:\/\/indicate-me.com\/no\/faq-kundetilfredshet\/'  ><span class='avia-bullet'><\/span><span class='avia-menu-text'>Kundetilfredshet<\/span><\/a><\/li>\n<li class='menu-item av-r138r0-d67388f726bdcad28c105faf5379ace8 menu-item-top-level menu-item-top-level-6' role='menuitem'><a href='https:\/\/indicate-me.com\/no\/faq-ai-kategorisering\/'  ><span class='avia-bullet'><\/span><span class='avia-menu-text'>Kategorisering<\/span><\/a><\/li>\n<\/ul><\/div><\/div><div class='sticky_placeholder'><\/div>\n\n<style type=\"text\/css\" data-created_by=\"avia_inline_auto\" id=\"style-css-av-mct4fb0l-2120151e95af89b2fe80c1ab2f1018fd\">\n.avia-section.av-mct4fb0l-2120151e95af89b2fe80c1ab2f1018fd{\nbackground-color:#ebebeb;\nbackground-image:unset;\n}\n<\/style>\n<div id='av_section_2'  class='avia-section av-mct4fb0l-2120151e95af89b2fe80c1ab2f1018fd main_color avia-section-default avia-no-border-styling  avia-builder-el-7  el_after_av_submenu  avia-builder-el-last  avia-bg-style-scroll container_wrap fullsize'  ><div class='container av-section-cont-open' ><div class='template-page content  av-content-full alpha units'><div class='post-entry post-entry-type-page post-entry-17679'><div class='entry-content-wrapper clearfix'>\n\n<style type=\"text\/css\" data-created_by=\"avia_inline_auto\" id=\"style-css-av-mct4cty4-d0e9293db745f2cdd8f13f936594f839\">\n.flex_column.av-mct4cty4-d0e9293db745f2cdd8f13f936594f839{\npadding:3% 15% 3% 15%;\n}\n\n@media only screen and (max-width: 479px){ \n.flex_column.av-mct4cty4-d0e9293db745f2cdd8f13f936594f839{\npadding:0 6% 0 6%;\n}\n}\n<\/style>\n<div  class='flex_column av-mct4cty4-d0e9293db745f2cdd8f13f936594f839 av_one_full  avia-builder-el-8  avia-builder-el-no-sibling  first flex_column_div  '     ><style type=\"text\/css\" data-created_by=\"avia_inline_auto\" id=\"style-css-av-mct4essa-f67b8289613689df154f6ef335f5018d\">\n#top .togglecontainer.av-mct4essa-f67b8289613689df154f6ef335f5018d p.toggler:not(.activeTitle):hover{\ncolor:#ffffff;\nbackground-color:#855ba3;\n}\n#top .togglecontainer.av-mct4essa-f67b8289613689df154f6ef335f5018d p.toggler:not(.activeTitle):hover .toggle_icon, #top .togglecontainer.av-mct4essa-f67b8289613689df154f6ef335f5018d p.toggler:not(.activeTitle):hover .toggle_icon *{\nborder-color:#ffffff !important;\n}\n<\/style>\n<div  class='togglecontainer av-mct4essa-f67b8289613689df154f6ef335f5018d av-elegant-toggle  avia-builder-el-9  avia-builder-el-no-sibling  toggle_close_all'  itemscope=\"itemscope\" itemtype=\"https:\/\/schema.org\/FAQPage\" >\n<section class='av_toggle_section av-mct4dgf1-0c3bbd2a6ac277b12e838b5b5b7cc24f'  itemscope=\"itemscope\" itemprop=\"mainEntity\" itemtype=\"https:\/\/schema.org\/Question\" ><div role=\"tablist\" class=\"single_toggle\" data-tags=\"{Alla} \"  ><p id='toggle-toggle-id-1' data-fake-id='#toggle-id-1' class='toggler  av-title-above '  itemprop=\"name\"  role='tab' tabindex='0' aria-controls='toggle-id-1' data-slide-speed=\"200\" data-title=\"Hva er AI Buddy, og hvordan fungerer l\u00f8sningen i praksis?\" data-title-open=\"\" data-aria_collapsed=\"Click to expand: Hva er AI Buddy, og hvordan fungerer l\u00f8sningen i praksis?\" data-aria_expanded=\"Click to collapse: Hva er AI Buddy, og hvordan fungerer l\u00f8sningen i praksis?\">Hva er AI Buddy, og hvordan fungerer l\u00f8sningen i praksis?<span class=\"toggle_icon\"><span class=\"vert_icon\"><\/span><span class=\"hor_icon\"><\/span><\/span><\/p><div id='toggle-id-1' aria-labelledby='toggle-toggle-id-1' role='region' class='toggle_wrap  av-title-above'   itemscope=\"itemscope\" itemprop=\"acceptedAnswer\" itemtype=\"https:\/\/schema.org\/Answer\" ><div class='toggle_content invers-color '  itemprop=\"text\" ><p>AI Buddy er et coachingsst\u00f8tteverkt\u00f8y som hjelper b\u00e5de medarbeidere og ledere med \u00e5 utvikle kundebehandlingen og drive kvalitetsforbedring. L\u00f8sningen gir konkrete innsikter og forslag som styrker selvledelse og kompletterer menneskelig coaching. Ved \u00e5 bruke forh\u00e5ndsdefinerte skjemaer analyserer AI Buddy kundedialoger og gir individtilpasset tilbakemelding. <strong><a href=\"https:\/\/indicate-me.com\/no\/coaching\/\">Les mer om AI Buddy her.<\/a><\/strong><\/p>\n<\/div><\/div><\/div><\/section>\n<section class='av_toggle_section av-mct4dpsr-7852115727eae302596d5c46cf1b0381'  itemscope=\"itemscope\" itemprop=\"mainEntity\" itemtype=\"https:\/\/schema.org\/Question\" ><div role=\"tablist\" class=\"single_toggle\" data-tags=\"{Alla} \"  ><p id='toggle-toggle-id-2' data-fake-id='#toggle-id-2' class='toggler  av-title-above '  itemprop=\"name\"  role='tab' tabindex='0' aria-controls='toggle-id-2' data-slide-speed=\"200\" data-title=\"Hvordan hjelper AI Buddy medarbeidere med \u00e5 utvikle selvledelse?\" data-title-open=\"\" data-aria_collapsed=\"Click to expand: Hvordan hjelper AI Buddy medarbeidere med \u00e5 utvikle selvledelse?\" data-aria_expanded=\"Click to collapse: Hvordan hjelper AI Buddy medarbeidere med \u00e5 utvikle selvledelse?\">Hvordan hjelper AI Buddy medarbeidere med \u00e5 utvikle selvledelse?<span class=\"toggle_icon\"><span class=\"vert_icon\"><\/span><span class=\"hor_icon\"><\/span><\/span><\/p><div id='toggle-id-2' aria-labelledby='toggle-toggle-id-2' role='region' class='toggle_wrap  av-title-above'   itemscope=\"itemscope\" itemprop=\"acceptedAnswer\" itemtype=\"https:\/\/schema.org\/Answer\" ><div class='toggle_content invers-color '  itemprop=\"text\" ><p>AI Buddy fungerer som AI-drevet coachingsst\u00f8tte som hjelper b\u00e5de medarbeidere og ledere \u00e5 forbedre kundedialoger samtidig som det driver kvalitetsforbedringer. Verkt\u00f8yet gir konkrete innsikter med individtilpassede forslag til tilbakemelding som styrker selvledelse og kompletterer menneskelig coaching. Med forh\u00e5ndsdefinerte skjemaer analyserer AI Buddy kundedialoger og leverer tilbakemeldinger som er enkle \u00e5 forst\u00e5 \u2013 og \u00e5 handle p\u00e5.<\/p>\n<\/div><\/div><\/div><\/section>\n<section class='av_toggle_section av-mct4egk3-e59666fc81d5b379abb30046a7be6a9a'  itemscope=\"itemscope\" itemprop=\"mainEntity\" itemtype=\"https:\/\/schema.org\/Question\" ><div role=\"tablist\" class=\"single_toggle\" data-tags=\"{Alla} \"  ><p id='toggle-toggle-id-3' data-fake-id='#toggle-id-3' class='toggler  av-title-above '  itemprop=\"name\"  role='tab' tabindex='0' aria-controls='toggle-id-3' data-slide-speed=\"200\" data-title=\"Hvilke forutsetninger trengs for \u00e5 bruke AI Buddy effektivt?\" data-title-open=\"\" data-aria_collapsed=\"Click to expand: Hvilke forutsetninger trengs for \u00e5 bruke AI Buddy effektivt?\" data-aria_expanded=\"Click to collapse: Hvilke forutsetninger trengs for \u00e5 bruke AI Buddy effektivt?\">Hvilke forutsetninger trengs for \u00e5 bruke AI Buddy effektivt?<span class=\"toggle_icon\"><span class=\"vert_icon\"><\/span><span class=\"hor_icon\"><\/span><\/span><\/p><div id='toggle-id-3' aria-labelledby='toggle-toggle-id-3' role='region' class='toggle_wrap  av-title-above'   itemscope=\"itemscope\" itemprop=\"acceptedAnswer\" itemtype=\"https:\/\/schema.org\/Answer\" ><div class='toggle_content invers-color '  itemprop=\"text\" ><p>For \u00e5 bruke AI Buddy effektivt m\u00e5 virksomheten benytte Indicate me sin tekst- og taleanalyse. Verkt\u00f8yet bygger p\u00e5 forh\u00e5ndsdefinerte, men tilpassbare skjemaer og kriterier. AI Buddy analyserer kundedialoger opp mot disse kriteriene og gir automatisk tilbakemelding p\u00e5 hvor godt de oppfylles. Et skjema kan for eksempel kreve at samtalen starter med en hilsen, at midtdelen fokuserer p\u00e5 behovsanalyse, og at avslutningen oppsummerer samtalen.<\/p>\n<\/div><\/div><\/div><\/section>\n<section class='av_toggle_section av-mct4ern3-225620fae45cf4484e6c55e6e3d9b60e'  itemscope=\"itemscope\" itemprop=\"mainEntity\" itemtype=\"https:\/\/schema.org\/Question\" ><div role=\"tablist\" class=\"single_toggle\" data-tags=\"{Alla} \"  ><p id='toggle-toggle-id-4' data-fake-id='#toggle-id-4' class='toggler  av-title-above '  itemprop=\"name\"  role='tab' tabindex='0' aria-controls='toggle-id-4' data-slide-speed=\"200\" data-title=\"Hvilke typer interaksjoner kan AI Buddy analysere og gi innsikt om?\" data-title-open=\"\" data-aria_collapsed=\"Click to expand: Hvilke typer interaksjoner kan AI Buddy analysere og gi innsikt om?\" data-aria_expanded=\"Click to collapse: Hvilke typer interaksjoner kan AI Buddy analysere og gi innsikt om?\">Hvilke typer interaksjoner kan AI Buddy analysere og gi innsikt om?<span class=\"toggle_icon\"><span class=\"vert_icon\"><\/span><span class=\"hor_icon\"><\/span><\/span><\/p><div id='toggle-id-4' aria-labelledby='toggle-toggle-id-4' role='region' class='toggle_wrap  av-title-above'   itemscope=\"itemscope\" itemprop=\"acceptedAnswer\" itemtype=\"https:\/\/schema.org\/Answer\" ><div class='toggle_content invers-color '  itemprop=\"text\" ><p>AI Buddy kan analysere b\u00e5de skriftlige og muntlige kundedialoger. Det omfatter e-post, chatter, chatboter og telefonsamtaler som automatisk transkriberes til tekst. Slik f\u00e5r organisasjonen et helhetlig bilde av kundedialogen uansett kanal.<\/p>\n<\/div><\/div><\/div><\/section>\n<section class='av_toggle_section av-mct4kc6e-d8e0ffa4f897cca5852839aaf39ae927'  itemscope=\"itemscope\" itemprop=\"mainEntity\" itemtype=\"https:\/\/schema.org\/Question\" ><div role=\"tablist\" class=\"single_toggle\" data-tags=\"{Alla} \"  ><p id='toggle-toggle-id-5' data-fake-id='#toggle-id-5' class='toggler  av-title-above '  itemprop=\"name\"  role='tab' tabindex='0' aria-controls='toggle-id-5' data-slide-speed=\"200\" data-title=\"Er AI Buddy utviklet for \u00e5 erstatte eller komplettere menneskelig coaching?\" data-title-open=\"\" data-aria_collapsed=\"Click to expand: Er AI Buddy utviklet for \u00e5 erstatte eller komplettere menneskelig coaching?\" data-aria_expanded=\"Click to collapse: Er AI Buddy utviklet for \u00e5 erstatte eller komplettere menneskelig coaching?\">Er AI Buddy utviklet for \u00e5 erstatte eller komplettere menneskelig coaching?<span class=\"toggle_icon\"><span class=\"vert_icon\"><\/span><span class=\"hor_icon\"><\/span><\/span><\/p><div id='toggle-id-5' aria-labelledby='toggle-toggle-id-5' role='region' class='toggle_wrap  av-title-above'   itemscope=\"itemscope\" itemprop=\"acceptedAnswer\" itemtype=\"https:\/\/schema.org\/Answer\" ><div class='toggle_content invers-color '  itemprop=\"text\" ><p>AI Buddy er utviklet for \u00e5 komplettere og st\u00f8tte menneskelig coaching. Verkt\u00f8yet gir innsikter som hjelper medarbeidere i deres daglige utvikling og st\u00f8tter ledere i den coachende rollen.<\/p>\n<\/div><\/div><\/div><\/section>\n<section class='av_toggle_section av-mct4e2ay-89671b69622df5da1afb1d2d0fc923a9'  itemscope=\"itemscope\" itemprop=\"mainEntity\" itemtype=\"https:\/\/schema.org\/Question\" ><div role=\"tablist\" class=\"single_toggle\" data-tags=\"{Alla} \"  ><p id='toggle-toggle-id-6' data-fake-id='#toggle-id-6' class='toggler  av-title-above '  itemprop=\"name\"  role='tab' tabindex='0' aria-controls='toggle-id-6' data-slide-speed=\"200\" data-title=\"Hva er de viktigste fordelene ved \u00e5 bruke AI Buddy?\" data-title-open=\"\" data-aria_collapsed=\"Click to expand: Hva er de viktigste fordelene ved \u00e5 bruke AI Buddy?\" data-aria_expanded=\"Click to collapse: Hva er de viktigste fordelene ved \u00e5 bruke AI Buddy?\">Hva er de viktigste fordelene ved \u00e5 bruke AI Buddy?<span class=\"toggle_icon\"><span class=\"vert_icon\"><\/span><span class=\"hor_icon\"><\/span><\/span><\/p><div id='toggle-id-6' aria-labelledby='toggle-toggle-id-6' role='region' class='toggle_wrap  av-title-above'   itemscope=\"itemscope\" itemprop=\"acceptedAnswer\" itemtype=\"https:\/\/schema.org\/Answer\" ><div class='toggle_content invers-color '  itemprop=\"text\" ><p>De viktigste fordelene er:<\/p>\n<ul>\n<li>Tidsbesparelse for ledere gjennom automatisert tilbakemelding<\/li>\n<li>Bedre kvalitet i kundedialoger<\/li>\n<li>H\u00f8yere effektivitet i coaching og oppf\u00f8lging<\/li>\n<li>Styrket selvledelse hos medarbeidere<\/li>\n<li>Et objektivt grunnlag for utvikling og feedback<\/li>\n<li>\u00d8kt engasjement gjennom positiv tilbakemelding<\/li>\n<li>Analyse av mange kundedialoger for et mer rettferdig og representativt bilde<\/li>\n<\/ul>\n<p>Ved \u00e5 avdekke m\u00f8nstre p\u00e5 individ-, team- og avdelingsniv\u00e5 blir det tydelig hvor styrkene finnes og hva som m\u00e5 forbedres.<\/p>\n<\/div><\/div><\/div><\/section>\n<section class='av_toggle_section av-mfb2ejty-28054f5f604a79b0b70cf678a3bfdb57'  itemscope=\"itemscope\" itemprop=\"mainEntity\" itemtype=\"https:\/\/schema.org\/Question\" ><div role=\"tablist\" class=\"single_toggle\" data-tags=\"{Alla} \"  ><p id='toggle-toggle-id-7' data-fake-id='#toggle-id-7' class='toggler  av-title-above '  itemprop=\"name\"  role='tab' tabindex='0' aria-controls='toggle-id-7' data-slide-speed=\"200\" data-title=\"Kan coachingsresultater vises i tabeller og grafer?\" data-title-open=\"\" data-aria_collapsed=\"Click to expand: Kan coachingsresultater vises i tabeller og grafer?\" data-aria_expanded=\"Click to collapse: Kan coachingsresultater vises i tabeller og grafer?\">Kan coachingsresultater vises i tabeller og grafer?<span class=\"toggle_icon\"><span class=\"vert_icon\"><\/span><span class=\"hor_icon\"><\/span><\/span><\/p><div id='toggle-id-7' aria-labelledby='toggle-toggle-id-7' role='region' class='toggle_wrap  av-title-above'   itemscope=\"itemscope\" itemprop=\"acceptedAnswer\" itemtype=\"https:\/\/schema.org\/Answer\" ><div class='toggle_content invers-color '  itemprop=\"text\" ><p>Ja. Coachingsresultater kan sammenstilles i tydelige tabeller, stolpediagrammer og grafer. Du kan se statistikk p\u00e5 flere niv\u00e5er \u2013 fra hele avdelingen, ned til team- og medarbeiderniv\u00e5.<\/p>\n<\/div><\/div><\/div><\/section>\n<section class='av_toggle_section av-mfb2ev0q-d418c884c4acedbb4253b9b7d6315609'  itemscope=\"itemscope\" itemprop=\"mainEntity\" itemtype=\"https:\/\/schema.org\/Question\" ><div role=\"tablist\" class=\"single_toggle\" data-tags=\"{Alla} \"  ><p id='toggle-toggle-id-8' data-fake-id='#toggle-id-8' class='toggler  av-title-above '  itemprop=\"name\"  role='tab' tabindex='0' aria-controls='toggle-id-8' data-slide-speed=\"200\" data-title=\"Finnes det en grense for hvor mange sp\u00f8rsm\u00e5l et AI-coachingsskjema kan inneholde?\" data-title-open=\"\" data-aria_collapsed=\"Click to expand: Finnes det en grense for hvor mange sp\u00f8rsm\u00e5l et AI-coachingsskjema kan inneholde?\" data-aria_expanded=\"Click to collapse: Finnes det en grense for hvor mange sp\u00f8rsm\u00e5l et AI-coachingsskjema kan inneholde?\">Finnes det en grense for hvor mange sp\u00f8rsm\u00e5l et AI-coachingsskjema kan inneholde?<span class=\"toggle_icon\"><span class=\"vert_icon\"><\/span><span class=\"hor_icon\"><\/span><\/span><\/p><div id='toggle-id-8' aria-labelledby='toggle-toggle-id-8' role='region' class='toggle_wrap  av-title-above'   itemscope=\"itemscope\" itemprop=\"acceptedAnswer\" itemtype=\"https:\/\/schema.org\/Answer\" ><div class='toggle_content invers-color '  itemprop=\"text\" ><p>Vi anbefaler opptil 12 punkter per skjema for at AI skal arbeide optimalt og levere best mulig coachingsresultater. Hvert punkt kan inneholde flere sp\u00f8rsm\u00e5l, noe som gir fleksibilighet til \u00e5 tilpasse etter deres behov.<\/p>\n<\/div><\/div><\/div><\/section>\n<\/div><\/div>\n","protected":false},"excerpt":{"rendered":"","protected":false},"author":3,"featured_media":0,"parent":0,"menu_order":0,"comment_status":"closed","ping_status":"closed","template":"","meta":{"footnotes":""},"class_list":["post-17679","page","type-page","status-publish","hentry"],"_links":{"self":[{"href":"https:\/\/indicate-me.com\/no\/wp-json\/wp\/v2\/pages\/17679","targetHints":{"allow":["GET"]}}],"collection":[{"href":"https:\/\/indicate-me.com\/no\/wp-json\/wp\/v2\/pages"}],"about":[{"href":"https:\/\/indicate-me.com\/no\/wp-json\/wp\/v2\/types\/page"}],"author":[{"embeddable":true,"href":"https:\/\/indicate-me.com\/no\/wp-json\/wp\/v2\/users\/3"}],"replies":[{"embeddable":true,"href":"https:\/\/indicate-me.com\/no\/wp-json\/wp\/v2\/comments?post=17679"}],"version-history":[{"count":1,"href":"https:\/\/indicate-me.com\/no\/wp-json\/wp\/v2\/pages\/17679\/revisions"}],"predecessor-version":[{"id":17788,"href":"https:\/\/indicate-me.com\/no\/wp-json\/wp\/v2\/pages\/17679\/revisions\/17788"}],"wp:attachment":[{"href":"https:\/\/indicate-me.com\/no\/wp-json\/wp\/v2\/media?parent=17679"}],"curies":[{"name":"wp","href":"https:\/\/api.w.org\/{rel}","templated":true}]}}