{"id":17680,"date":"2025-07-07T15:36:00","date_gmt":"2025-07-07T13:36:00","guid":{"rendered":"https:\/\/indicate.me\/no\/?page_id=17678"},"modified":"2025-09-08T12:01:54","modified_gmt":"2025-09-08T12:01:54","slug":"faq-tekts-og-taleanalyse","status":"publish","type":"page","link":"https:\/\/indicate-me.com\/no\/faq-tekts-og-taleanalyse\/","title":{"rendered":"FAQ Tekst- och taleanalyse"},"content":{"rendered":"<div id='av_section_1'  class='avia-section av-ng2lye-72aead61652aebe77d07de1da7d0c991 main_color avia-section-default avia-no-border-styling  avia-builder-el-0  el_before_av_submenu  avia-builder-el-first  avia-bg-style-scroll container_wrap fullsize'  ><div class='container av-section-cont-open' ><main  role=\"main\" itemprop=\"mainContentOfPage\"  class='template-page content  av-content-full alpha units'><div class='post-entry post-entry-type-page post-entry-17680'><div class='entry-content-wrapper clearfix'>\n<div class='flex_column_table av-mct46kqd-13904ab918ef2d5caf4590782b6308a6 sc-av_one_half av-equal-height-column-flextable'>\n<style type=\"text\/css\" data-created_by=\"avia_inline_auto\" id=\"style-css-av-mct46kqd-13904ab918ef2d5caf4590782b6308a6\">\n.flex_column.av-mct46kqd-13904ab918ef2d5caf4590782b6308a6{\npadding:0 0 0 10%;\n}\n\n@media only screen and (max-width: 479px){ \n.flex_column.av-mct46kqd-13904ab918ef2d5caf4590782b6308a6{\npadding:0 6% 0 6%;\n}\n}\n<\/style>\n<div  class='flex_column av-mct46kqd-13904ab918ef2d5caf4590782b6308a6 av_one_half  avia-builder-el-1  el_before_av_one_half  avia-builder-el-first  first flex_column_table_cell av-equal-height-column av-align-middle  '     ><p>\n<style type=\"text\/css\" data-created_by=\"avia_inline_auto\" id=\"style-css-av-mct4bppw-e9c331678219933d301e98f3b4352d0f\">\n#top .av-special-heading.av-mct4bppw-e9c331678219933d301e98f3b4352d0f{\npadding-bottom:10px;\n}\nbody .av-special-heading.av-mct4bppw-e9c331678219933d301e98f3b4352d0f .av-special-heading-tag .heading-char{\nfont-size:25px;\n}\n.av-special-heading.av-mct4bppw-e9c331678219933d301e98f3b4352d0f .av-subheading{\nfont-size:15px;\ncolor:#855ba3;\n}\n<\/style>\n<div  class='av-special-heading av-mct4bppw-e9c331678219933d301e98f3b4352d0f av-special-heading-h1 custom-color-heading blockquote modern-quote  avia-builder-el-2  el_before_av_textblock  avia-builder-el-first '><div class='av-subheading av-subheading_above'><p>FAQ<\/p>\n<\/div><h1 class='av-special-heading-tag '  itemprop=\"headline\"  >Ofte stilte sp\u00f8rsm\u00e5l og svar<\/h1><div class=\"special-heading-border\"><div class=\"special-heading-inner-border\"><\/div><\/div><\/div><br \/>\n<section  class='av_textblock_section av-mct4bzex-6e52f25c8570046ddd760b921f345328 '   itemscope=\"itemscope\" itemtype=\"https:\/\/schema.org\/CreativeWork\" ><div class='avia_textblock'  itemprop=\"text\" ><p data-start=\"63\" data-end=\"267\">Vil du raskt vite mer om Indicate me, hva <a href=\"https:\/\/techtidningen.se\/deras-ai-coach-kvalitetssakrar-kundmotet\/\">AI Buddy<\/a> gj\u00f8r, eller hvordan dere kan jobbe smartere med AI-genererte innsikter? Sjekk ut v\u00e5r FAQ \u2013 vi har samlet de vanligste sp\u00f8rsm\u00e5lene her.<\/p>\n<\/div><\/section><\/p><\/div><div class='av-flex-placeholder'><\/div>\n<style type=\"text\/css\" data-created_by=\"avia_inline_auto\" id=\"style-css-av-mct46vbu-58acdc932b3a4e1a4290cd19e9819ed9\">\n.flex_column.av-mct46vbu-58acdc932b3a4e1a4290cd19e9819ed9{\npadding:0 10% 0 0;\n}\n\n@media only screen and (max-width: 479px){ \n.flex_column.av-mct46vbu-58acdc932b3a4e1a4290cd19e9819ed9{\npadding:0 6% 0 6%;\n}\n}\n<\/style>\n<div  class='flex_column av-mct46vbu-58acdc932b3a4e1a4290cd19e9819ed9 av_one_half  avia-builder-el-4  el_after_av_one_half  avia-builder-el-last  flex_column_table_cell av-equal-height-column av-align-middle  '     ><style type=\"text\/css\" data-created_by=\"avia_inline_auto\" id=\"style-css-av-mct4am99-694730b2a95aeb8158599c80ff4e432f\">\n.avia-image-container.av-mct4am99-694730b2a95aeb8158599c80ff4e432f img.avia_image{\nbox-shadow:none;\n}\n.avia-image-container.av-mct4am99-694730b2a95aeb8158599c80ff4e432f .av-image-caption-overlay-center{\ncolor:#ffffff;\n}\n<\/style>\n<div  class='avia-image-container av-mct4am99-694730b2a95aeb8158599c80ff4e432f av-styling- avia-align-center  avia-builder-el-5  avia-builder-el-no-sibling '   itemprop=\"image\" itemscope=\"itemscope\" itemtype=\"https:\/\/schema.org\/ImageObject\" ><div class=\"avia-image-container-inner\"><div class=\"avia-image-overlay-wrap\"><img decoding=\"async\" fetchpriority=\"high\" class='wp-image-17671 avia-img-lazy-loading-not-17671 avia_image ' src=\"https:\/\/indicate-me.com\/no\/wp-content\/uploads\/2025\/07\/faq-ofte-stilte-sporsmal-600x400-1.webp\" alt='' title='faq-ofte-stilte- sporsmal-600x400'  height=\"400\" width=\"600\"  itemprop=\"thumbnailUrl\" srcset=\"https:\/\/indicate-me.com\/no\/wp-content\/uploads\/2025\/07\/faq-ofte-stilte-sporsmal-600x400-1.webp 600w, https:\/\/indicate-me.com\/no\/wp-content\/uploads\/2025\/07\/faq-ofte-stilte-sporsmal-600x400-1-300x200.webp 300w\" sizes=\"(max-width: 600px) 100vw, 600px\" \/><\/div><\/div><\/div><\/div><\/div><!--close column table wrapper. Autoclose: 1 -->\n\n<\/div><\/div><\/main><!-- close content main element --><\/div><\/div><div class='clear'><\/div><div id='sub_menu1'  class='av-submenu-container av-mct5owa6-04ab1c45ef124b810f2214f5cfeab64d main_color  avia-builder-el-6  el_after_av_section  el_before_av_section  av-sticky-submenu submenu-not-first container_wrap fullsize' style='z-index:301' ><div class='container av-menu-mobile-disabled av-submenu-pos-center'><ul id='av-custom-submenu-1' class='av-subnav-menu' role='menu'>\n<li class='menu-item av-mct5osxd-62c01c0d134e38a3a7697fc300efb7c7 menu-item-top-level menu-item-top-level-1' role='menuitem'><a href='https:\/\/indicate-me.com\/no\/faq\/'  ><span class='avia-bullet'><\/span><span class='avia-menu-text'>Om Indicate me<\/span><\/a><\/li>\n<li class='menu-item av-1z48l72-956bef4621511df4012f317c434c8b70 menu-item-top-level menu-item-top-level-2' role='menuitem'><a href='https:\/\/indicate-me.com\/no\/faq-ai-buddy\/'  ><span class='avia-bullet'><\/span><span class='avia-menu-text'>AI Buddy<\/span><\/a><\/li>\n<li class='menu-item av-mct5ovyh-93414da674c9773dd7b898ab50c0891f menu-item-top-level av-menu-button av-menu-button-colored menu-item-top-level-3' role='menuitem'><a href='https:\/\/indicate-me.com\/no\/faq-tekts-og-taleanalyse\/'  ><span class='avia-bullet'><\/span><span class='avia-menu-text'>Tekst- og taleanalyse<\/span><\/a><\/li>\n<li class='menu-item av-1sr99xq-1836269459bd71dc7f9e26dfc853f55b menu-item-top-level menu-item-top-level-4' role='menuitem'><a href='https:\/\/indicate-me.com\/no\/faq-tekstbaserte-innsikter\/'  ><span class='avia-bullet'><\/span><span class='avia-menu-text'>Tekstbaserte innsikter<\/span><\/a><\/li>\n<li class='menu-item av-13f7cby-b30a1d8111f33272f8e320e8ba35aa18 menu-item-top-level menu-item-top-level-5' role='menuitem'><a href='https:\/\/indicate-me.com\/no\/faq-kundetilfredshet\/'  ><span class='avia-bullet'><\/span><span class='avia-menu-text'>Kundetilfredshet<\/span><\/a><\/li>\n<li class='menu-item av-qechfy-6bd99958c83087d2ca162ed57b344531 menu-item-top-level menu-item-top-level-6' role='menuitem'><a href='https:\/\/indicate-me.com\/no\/faq-ai-kategorisering\/'  ><span class='avia-bullet'><\/span><span class='avia-menu-text'>Kategorisering<\/span><\/a><\/li>\n<\/ul><\/div><\/div><div class='sticky_placeholder'><\/div>\n\n<style type=\"text\/css\" data-created_by=\"avia_inline_auto\" id=\"style-css-av-mct4fb0l-2120151e95af89b2fe80c1ab2f1018fd\">\n.avia-section.av-mct4fb0l-2120151e95af89b2fe80c1ab2f1018fd{\nbackground-color:#ebebeb;\nbackground-image:unset;\n}\n<\/style>\n<div id='av_section_2'  class='avia-section av-mct4fb0l-2120151e95af89b2fe80c1ab2f1018fd main_color avia-section-default avia-no-border-styling  avia-builder-el-7  el_after_av_submenu  avia-builder-el-last  avia-bg-style-scroll container_wrap fullsize'  ><div class='container av-section-cont-open' ><div class='template-page content  av-content-full alpha units'><div class='post-entry post-entry-type-page post-entry-17680'><div class='entry-content-wrapper clearfix'>\n\n<style type=\"text\/css\" data-created_by=\"avia_inline_auto\" id=\"style-css-av-mct4cty4-d0e9293db745f2cdd8f13f936594f839\">\n.flex_column.av-mct4cty4-d0e9293db745f2cdd8f13f936594f839{\npadding:3% 15% 3% 15%;\n}\n\n@media only screen and (max-width: 479px){ \n.flex_column.av-mct4cty4-d0e9293db745f2cdd8f13f936594f839{\npadding:0 6% 0 6%;\n}\n}\n<\/style>\n<div  class='flex_column av-mct4cty4-d0e9293db745f2cdd8f13f936594f839 av_one_full  avia-builder-el-8  avia-builder-el-no-sibling  first flex_column_div  '     ><style type=\"text\/css\" data-created_by=\"avia_inline_auto\" id=\"style-css-av-mct4essa-f67b8289613689df154f6ef335f5018d\">\n#top .togglecontainer.av-mct4essa-f67b8289613689df154f6ef335f5018d p.toggler:not(.activeTitle):hover{\ncolor:#ffffff;\nbackground-color:#855ba3;\n}\n#top .togglecontainer.av-mct4essa-f67b8289613689df154f6ef335f5018d p.toggler:not(.activeTitle):hover .toggle_icon, #top .togglecontainer.av-mct4essa-f67b8289613689df154f6ef335f5018d p.toggler:not(.activeTitle):hover .toggle_icon *{\nborder-color:#ffffff !important;\n}\n<\/style>\n<div  class='togglecontainer av-mct4essa-f67b8289613689df154f6ef335f5018d av-elegant-toggle  avia-builder-el-9  avia-builder-el-no-sibling  toggle_close_all'  itemscope=\"itemscope\" itemtype=\"https:\/\/schema.org\/FAQPage\" >\n<section class='av_toggle_section av-mct4dgf1-9d0f01cf6c73dd57eeaeb29c13d46c9c'  itemscope=\"itemscope\" itemprop=\"mainEntity\" itemtype=\"https:\/\/schema.org\/Question\" ><div role=\"tablist\" class=\"single_toggle\" data-tags=\"{Alla} \"  ><p id='toggle-toggle-id-1' data-fake-id='#toggle-id-1' class='toggler  av-title-above '  itemprop=\"name\"  role='tab' tabindex='0' aria-controls='toggle-id-1' data-slide-speed=\"200\" data-title=\"Hva er Indicate me sin tekst- og taleanalyse, og hvordan fungerer den i praksis?\" data-title-open=\"\" data-aria_collapsed=\"Click to expand: Hva er Indicate me sin tekst- og taleanalyse, og hvordan fungerer den i praksis?\" data-aria_expanded=\"Click to collapse: Hva er Indicate me sin tekst- og taleanalyse, og hvordan fungerer den i praksis?\">Hva er Indicate me sin tekst- og taleanalyse, og hvordan fungerer den i praksis?<span class=\"toggle_icon\"><span class=\"vert_icon\"><\/span><span class=\"hor_icon\"><\/span><\/span><\/p><div id='toggle-id-1' aria-labelledby='toggle-toggle-id-1' role='region' class='toggle_wrap  av-title-above'   itemscope=\"itemscope\" itemprop=\"acceptedAnswer\" itemtype=\"https:\/\/schema.org\/Answer\" ><div class='toggle_content invers-color '  itemprop=\"text\" ><p>Indicate me sin tekst- og taleanalyse omdanner store mengder kundedialoger til handlingsbare innsikter. Den kan analysere b\u00e5de tekstbaserte kanaler som e-post og chat, samt samtaler som transkriberes til tekst. Resultatet er raskere og mer velbegrunnede beslutninger.<\/p>\n<\/div><\/div><\/div><\/section>\n<section class='av_toggle_section av-mct4dpsr-c4d29045dbac905ed4770bc35bf99cab'  itemscope=\"itemscope\" itemprop=\"mainEntity\" itemtype=\"https:\/\/schema.org\/Question\" ><div role=\"tablist\" class=\"single_toggle\" data-tags=\"{Alla} \"  ><p id='toggle-toggle-id-2' data-fake-id='#toggle-id-2' class='toggler  av-title-above '  itemprop=\"name\"  role='tab' tabindex='0' aria-controls='toggle-id-2' data-slide-speed=\"200\" data-title=\"Hvilke typer kundedialoger kan analyseres?\" data-title-open=\"\" data-aria_collapsed=\"Click to expand: Hvilke typer kundedialoger kan analyseres?\" data-aria_expanded=\"Click to collapse: Hvilke typer kundedialoger kan analyseres?\">Hvilke typer kundedialoger kan analyseres?<span class=\"toggle_icon\"><span class=\"vert_icon\"><\/span><span class=\"hor_icon\"><\/span><\/span><\/p><div id='toggle-id-2' aria-labelledby='toggle-toggle-id-2' role='region' class='toggle_wrap  av-title-above'   itemscope=\"itemscope\" itemprop=\"acceptedAnswer\" itemtype=\"https:\/\/schema.org\/Answer\" ><div class='toggle_content invers-color '  itemprop=\"text\" ><p>Verkt\u00f8yet kan analysere alle typer kundedialoger \u2013 fra e-post og chat (inkludert samtaler med chatboter og voicebots) til telefonsamtaler som transkriberes til tekst. Ved \u00e5 gj\u00f8re alt om til tekst blir innholdet s\u00f8kbart og mulig \u00e5 analysere, slik at informasjon som tidligere var vanskelig \u00e5 fange opp blir tilgjengelig.<\/p>\n<\/div><\/div><\/div><\/section>\n<section class='av_toggle_section av-mct4e2ay-c4f0307ce99371e661361598a3c2b8f9'  itemscope=\"itemscope\" itemprop=\"mainEntity\" itemtype=\"https:\/\/schema.org\/Question\" ><div role=\"tablist\" class=\"single_toggle\" data-tags=\"{Alla} \"  ><p id='toggle-toggle-id-3' data-fake-id='#toggle-id-3' class='toggler  av-title-above '  itemprop=\"name\"  role='tab' tabindex='0' aria-controls='toggle-id-3' data-slide-speed=\"200\" data-title=\"Hvilke innsikter kan organisasjoner f\u00e5 gjennom tekst- og taleanalyse?\" data-title-open=\"\" data-aria_collapsed=\"Click to expand: Hvilke innsikter kan organisasjoner f\u00e5 gjennom tekst- og taleanalyse?\" data-aria_expanded=\"Click to collapse: Hvilke innsikter kan organisasjoner f\u00e5 gjennom tekst- og taleanalyse?\">Hvilke innsikter kan organisasjoner f\u00e5 gjennom tekst- og taleanalyse?<span class=\"toggle_icon\"><span class=\"vert_icon\"><\/span><span class=\"hor_icon\"><\/span><\/span><\/p><div id='toggle-id-3' aria-labelledby='toggle-toggle-id-3' role='region' class='toggle_wrap  av-title-above'   itemscope=\"itemscope\" itemprop=\"acceptedAnswer\" itemtype=\"https:\/\/schema.org\/Answer\" ><div class='toggle_content invers-color '  itemprop=\"text\" ><p>Eksempler p\u00e5 innsikter:<\/p>\n<ul>\n<li>Hvorfor kunder avslutter tjenestene sine, hvor ofte medarbeidere fors\u00f8ker \u00e5 beholde dem \u2013 og hva som faktisk f\u00e5r dem til \u00e5 bli.<\/li>\n<li>N\u00e5r medarbeidere overser viktige steg \u2013 som \u00e5 be om f\u00f8dselsnummer for \u00e5 verifisere kundens identitet.<\/li>\n<li>Hvordan tilbud kommuniseres i ulike kundedialoger \u2013 og hvilke argumenter som fungerer best.<\/li>\n<li>Hva som driver kundekontakt \u2013 og hvilket sentiment som knyttes til ulike temaer.<\/li>\n<\/ul>\n<\/div><\/div><\/div><\/section>\n<section class='av_toggle_section av-mct4egk3-7418d1e640c8f173c1c9c1dc9017d551'  itemscope=\"itemscope\" itemprop=\"mainEntity\" itemtype=\"https:\/\/schema.org\/Question\" ><div role=\"tablist\" class=\"single_toggle\" data-tags=\"{Alla} \"  ><p id='toggle-toggle-id-4' data-fake-id='#toggle-id-4' class='toggler  av-title-above '  itemprop=\"name\"  role='tab' tabindex='0' aria-controls='toggle-id-4' data-slide-speed=\"200\" data-title=\"Hvordan fungerer Indicate me sin AI-baserte oppsummeringsfunksjon?\" data-title-open=\"\" data-aria_collapsed=\"Click to expand: Hvordan fungerer Indicate me sin AI-baserte oppsummeringsfunksjon?\" data-aria_expanded=\"Click to collapse: Hvordan fungerer Indicate me sin AI-baserte oppsummeringsfunksjon?\">Hvordan fungerer Indicate me sin AI-baserte oppsummeringsfunksjon?<span class=\"toggle_icon\"><span class=\"vert_icon\"><\/span><span class=\"hor_icon\"><\/span><\/span><\/p><div id='toggle-id-4' aria-labelledby='toggle-toggle-id-4' role='region' class='toggle_wrap  av-title-above'   itemscope=\"itemscope\" itemprop=\"acceptedAnswer\" itemtype=\"https:\/\/schema.org\/Answer\" ><div class='toggle_content invers-color '  itemprop=\"text\" ><p>Den AI-baserte oppsummeringsfunksjonen analyserer kundedialoger og lager automatiske sammendrag som tydeliggj\u00f8r det viktigste \u2013 for eksempel kontakt\u00e5rsak og om saken ble l\u00f8st. Disse sammendragene kan integreres direkte i CRM- eller saksbehandlingssystemer for smidig og automatisert h\u00e5ndtering.<\/p>\n<\/div><\/div><\/div><\/section>\n<section class='av_toggle_section av-mct4ern3-1c1e1a54224f0578eb28eb697dca1a7b'  itemscope=\"itemscope\" itemprop=\"mainEntity\" itemtype=\"https:\/\/schema.org\/Question\" ><div role=\"tablist\" class=\"single_toggle\" data-tags=\"{Alla} \"  ><p id='toggle-toggle-id-5' data-fake-id='#toggle-id-5' class='toggler  av-title-above '  itemprop=\"name\"  role='tab' tabindex='0' aria-controls='toggle-id-5' data-slide-speed=\"200\" data-title=\"St\u00f8tter tekst- og taleanalysen flere spr\u00e5k for analyse og coaching?\" data-title-open=\"\" data-aria_collapsed=\"Click to expand: St\u00f8tter tekst- og taleanalysen flere spr\u00e5k for analyse og coaching?\" data-aria_expanded=\"Click to collapse: St\u00f8tter tekst- og taleanalysen flere spr\u00e5k for analyse og coaching?\">St\u00f8tter tekst- og taleanalysen flere spr\u00e5k for analyse og coaching?<span class=\"toggle_icon\"><span class=\"vert_icon\"><\/span><span class=\"hor_icon\"><\/span><\/span><\/p><div id='toggle-id-5' aria-labelledby='toggle-toggle-id-5' role='region' class='toggle_wrap  av-title-above'   itemscope=\"itemscope\" itemprop=\"acceptedAnswer\" itemtype=\"https:\/\/schema.org\/Answer\" ><div class='toggle_content invers-color '  itemprop=\"text\" ><p>Ja, Indicate me st\u00f8tter oversettelser p\u00e5 rundt ti spr\u00e5k, med mulighet for utvidelse. Det gj\u00f8r at b\u00e5de coaching og analyse kan skje uavhengig av spr\u00e5k, bryter spr\u00e5kbarrierer og gir mer inkluderende tilbakemeldinger.<\/p>\n<\/div><\/div><\/div><\/section>\n<section class='av_toggle_section av-mfb2le87-c5993625acf6acb4fe0cabdf856d8814'  itemscope=\"itemscope\" itemprop=\"mainEntity\" itemtype=\"https:\/\/schema.org\/Question\" ><div role=\"tablist\" class=\"single_toggle\" data-tags=\"{Alla} \"  ><p id='toggle-toggle-id-6' data-fake-id='#toggle-id-6' class='toggler  av-title-above '  itemprop=\"name\"  role='tab' tabindex='0' aria-controls='toggle-id-6' data-slide-speed=\"200\" data-title=\"Hva kreves for \u00e5 f\u00e5 sentimentanalyse delt mellom medarbeider og kunde?\" data-title-open=\"\" data-aria_collapsed=\"Click to expand: Hva kreves for \u00e5 f\u00e5 sentimentanalyse delt mellom medarbeider og kunde?\" data-aria_expanded=\"Click to collapse: Hva kreves for \u00e5 f\u00e5 sentimentanalyse delt mellom medarbeider og kunde?\">Hva kreves for \u00e5 f\u00e5 sentimentanalyse delt mellom medarbeider og kunde?<span class=\"toggle_icon\"><span class=\"vert_icon\"><\/span><span class=\"hor_icon\"><\/span><\/span><\/p><div id='toggle-id-6' aria-labelledby='toggle-toggle-id-6' role='region' class='toggle_wrap  av-title-above'   itemscope=\"itemscope\" itemprop=\"acceptedAnswer\" itemtype=\"https:\/\/schema.org\/Answer\" ><div class='toggle_content invers-color '  itemprop=\"text\" ><p>For \u00e5 skille sentiment mellom medarbeider og kunde kreves stereoopptak av samtaler, der begge parter tas opp p\u00e5 separate kanaler.<\/p>\n<\/div><\/div><\/div><\/section>\n<section class='av_toggle_section av-mfb2lpll-c8ba439483c99088445690d718b9445a'  itemscope=\"itemscope\" itemprop=\"mainEntity\" itemtype=\"https:\/\/schema.org\/Question\" ><div role=\"tablist\" class=\"single_toggle\" data-tags=\"{Alla} \"  ><p id='toggle-toggle-id-7' data-fake-id='#toggle-id-7' class='toggler  av-title-above '  itemprop=\"name\"  role='tab' tabindex='0' aria-controls='toggle-id-7' data-slide-speed=\"200\" data-title=\"Hvor treffsikre er AI-transkriberingene av samtaler?\" data-title-open=\"\" data-aria_collapsed=\"Click to expand: Hvor treffsikre er AI-transkriberingene av samtaler?\" data-aria_expanded=\"Click to collapse: Hvor treffsikre er AI-transkriberingene av samtaler?\">Hvor treffsikre er AI-transkriberingene av samtaler?<span class=\"toggle_icon\"><span class=\"vert_icon\"><\/span><span class=\"hor_icon\"><\/span><\/span><\/p><div id='toggle-id-7' aria-labelledby='toggle-toggle-id-7' role='region' class='toggle_wrap  av-title-above'   itemscope=\"itemscope\" itemprop=\"acceptedAnswer\" itemtype=\"https:\/\/schema.org\/Answer\" ><div class='toggle_content invers-color '  itemprop=\"text\" ><p>AI-transkriberingene holder sv\u00e6rt h\u00f8y spr\u00e5klig kvalitet. Enkelte ord kan av og til bli feilstavet, men det p\u00e5virker ikke helheten. Sammendrag og analyser er alltid korrekte, slik at dere kan stole p\u00e5 resultatene. Vi anbefaler derfor \u00e5 fokusere p\u00e5 innsiktene og m\u00f8nstrene AI leverer, heller enn enkeltord i transkripsjonen.<\/p>\n<\/div><\/div><\/div><\/section>\n<section class='av_toggle_section av-mfb2m0e6-78c5e89fcaafaa27124d0d7a461a4dc1'  itemscope=\"itemscope\" itemprop=\"mainEntity\" itemtype=\"https:\/\/schema.org\/Question\" ><div role=\"tablist\" class=\"single_toggle\" data-tags=\"{Alla} \"  ><p id='toggle-toggle-id-8' data-fake-id='#toggle-id-8' class='toggler  av-title-above '  itemprop=\"name\"  role='tab' tabindex='0' aria-controls='toggle-id-8' data-slide-speed=\"200\" data-title=\"Er det mulig \u00e5 anonymisere AI-transkriberinger?\" data-title-open=\"\" data-aria_collapsed=\"Click to expand: Er det mulig \u00e5 anonymisere AI-transkriberinger?\" data-aria_expanded=\"Click to collapse: Er det mulig \u00e5 anonymisere AI-transkriberinger?\">Er det mulig \u00e5 anonymisere AI-transkriberinger?<span class=\"toggle_icon\"><span class=\"vert_icon\"><\/span><span class=\"hor_icon\"><\/span><\/span><\/p><div id='toggle-id-8' aria-labelledby='toggle-toggle-id-8' role='region' class='toggle_wrap  av-title-above'   itemscope=\"itemscope\" itemprop=\"acceptedAnswer\" itemtype=\"https:\/\/schema.org\/Answer\" ><div class='toggle_content invers-color '  itemprop=\"text\" ><p>Ja. V\u00e5re AI-transkriberinger kan automatisk anonymisere sensitiv informasjon, for eksempel:<\/p>\n<ul>\n<li>Alle numre og tallsekvenser<\/li>\n<li>Navn<\/li>\n<li>Adresser<\/li>\n<\/ul>\n<p>Slik sikres det at data kan brukes til analyse og innsikt uten \u00e5 kompromittere personvern eller datasikkerhet.<\/p>\n<\/div><\/div><\/div><\/section>\n<section class='av_toggle_section av-mfb2mhqa-b82420b046691e1c0e6571abb27915ae'  itemscope=\"itemscope\" itemprop=\"mainEntity\" itemtype=\"https:\/\/schema.org\/Question\" ><div role=\"tablist\" class=\"single_toggle\" data-tags=\"{Alla} \"  ><p id='toggle-toggle-id-9' data-fake-id='#toggle-id-9' class='toggler  av-title-above '  itemprop=\"name\"  role='tab' tabindex='0' aria-controls='toggle-id-9' data-slide-speed=\"200\" data-title=\"Hvor mange samtaler per m\u00e5ned analyseres normalt?\" data-title-open=\"\" data-aria_collapsed=\"Click to expand: Hvor mange samtaler per m\u00e5ned analyseres normalt?\" data-aria_expanded=\"Click to collapse: Hvor mange samtaler per m\u00e5ned analyseres normalt?\">Hvor mange samtaler per m\u00e5ned analyseres normalt?<span class=\"toggle_icon\"><span class=\"vert_icon\"><\/span><span class=\"hor_icon\"><\/span><\/span><\/p><div id='toggle-id-9' aria-labelledby='toggle-toggle-id-9' role='region' class='toggle_wrap  av-title-above'   itemscope=\"itemscope\" itemprop=\"acceptedAnswer\" itemtype=\"https:\/\/schema.org\/Answer\" ><div class='toggle_content invers-color '  itemprop=\"text\" ><p>De fleste organisasjoner analyserer alle innkommende samtaler. Offentlige virksomheter og kommuner velger noen ganger bort enkelte k\u00f8er. Vi m\u00e5ler i samtaleminutter snarere enn antall samtaler, vanligvis fra omtrent 20 000 til 1 000 000 minutter per m\u00e5ned, avhengig av virksomhetens st\u00f8rrelse.<\/p>\n<\/div><\/div><\/div><\/section>\n<section class='av_toggle_section av-mfb2msml-b7e804a96ce2780e49e1eea0a2bcd6a5'  itemscope=\"itemscope\" itemprop=\"mainEntity\" itemtype=\"https:\/\/schema.org\/Question\" ><div role=\"tablist\" class=\"single_toggle\" data-tags=\"{Alla} \"  ><p id='toggle-toggle-id-10' data-fake-id='#toggle-id-10' class='toggler  av-title-above '  itemprop=\"name\"  role='tab' tabindex='0' aria-controls='toggle-id-10' data-slide-speed=\"200\" data-title=\"Hvordan f\u00e5r Indicate me tilgang til v\u00e5re samtaler og data?\" data-title-open=\"\" data-aria_collapsed=\"Click to expand: Hvordan f\u00e5r Indicate me tilgang til v\u00e5re samtaler og data?\" data-aria_expanded=\"Click to collapse: Hvordan f\u00e5r Indicate me tilgang til v\u00e5re samtaler og data?\">Hvordan f\u00e5r Indicate me tilgang til v\u00e5re samtaler og data?<span class=\"toggle_icon\"><span class=\"vert_icon\"><\/span><span class=\"hor_icon\"><\/span><\/span><\/p><div id='toggle-id-10' aria-labelledby='toggle-toggle-id-10' role='region' class='toggle_wrap  av-title-above'   itemscope=\"itemscope\" itemprop=\"acceptedAnswer\" itemtype=\"https:\/\/schema.org\/Answer\" ><div class='toggle_content invers-color '  itemprop=\"text\" ><p>Det vanligste er via API, der b\u00e5de samtaler og metadata overf\u00f8res automatisk. Et alternativ er SFTP-opplasting, der materialet lastes opp og deretter transkriberes.<\/p>\n<\/div><\/div><\/div><\/section>\n<section class='av_toggle_section av-mfb2n1cr-133ce05b9c84b791126df846e0130ffd'  itemscope=\"itemscope\" itemprop=\"mainEntity\" itemtype=\"https:\/\/schema.org\/Question\" ><div role=\"tablist\" class=\"single_toggle\" data-tags=\"{Alla} \"  ><p id='toggle-toggle-id-11' data-fake-id='#toggle-id-11' class='toggler  av-title-above '  itemprop=\"name\"  role='tab' tabindex='0' aria-controls='toggle-id-11' data-slide-speed=\"200\" data-title=\"Hvor lagrer Indicate me kundedata?\" data-title-open=\"\" data-aria_collapsed=\"Click to expand: Hvor lagrer Indicate me kundedata?\" data-aria_expanded=\"Click to collapse: Hvor lagrer Indicate me kundedata?\">Hvor lagrer Indicate me kundedata?<span class=\"toggle_icon\"><span class=\"vert_icon\"><\/span><span class=\"hor_icon\"><\/span><\/span><\/p><div id='toggle-id-11' aria-labelledby='toggle-toggle-id-11' role='region' class='toggle_wrap  av-title-above'   itemscope=\"itemscope\" itemprop=\"acceptedAnswer\" itemtype=\"https:\/\/schema.org\/Answer\" ><div class='toggle_content invers-color '  itemprop=\"text\" ><p>All lagring av kundedata skjer i <strong>Sverige<\/strong>.<\/p>\n<\/div><\/div><\/div><\/section>\n<\/div><\/div>\n","protected":false},"excerpt":{"rendered":"","protected":false},"author":3,"featured_media":0,"parent":0,"menu_order":0,"comment_status":"closed","ping_status":"closed","template":"","meta":{"footnotes":""},"class_list":["post-17680","page","type-page","status-publish","hentry"],"_links":{"self":[{"href":"https:\/\/indicate-me.com\/no\/wp-json\/wp\/v2\/pages\/17680","targetHints":{"allow":["GET"]}}],"collection":[{"href":"https:\/\/indicate-me.com\/no\/wp-json\/wp\/v2\/pages"}],"about":[{"href":"https:\/\/indicate-me.com\/no\/wp-json\/wp\/v2\/types\/page"}],"author":[{"embeddable":true,"href":"https:\/\/indicate-me.com\/no\/wp-json\/wp\/v2\/users\/3"}],"replies":[{"embeddable":true,"href":"https:\/\/indicate-me.com\/no\/wp-json\/wp\/v2\/comments?post=17680"}],"version-history":[{"count":2,"href":"https:\/\/indicate-me.com\/no\/wp-json\/wp\/v2\/pages\/17680\/revisions"}],"predecessor-version":[{"id":17791,"href":"https:\/\/indicate-me.com\/no\/wp-json\/wp\/v2\/pages\/17680\/revisions\/17791"}],"wp:attachment":[{"href":"https:\/\/indicate-me.com\/no\/wp-json\/wp\/v2\/media?parent=17680"}],"curies":[{"name":"wp","href":"https:\/\/api.w.org\/{rel}","templated":true}]}}