{"id":17681,"date":"2025-07-07T15:39:05","date_gmt":"2025-07-07T13:39:05","guid":{"rendered":"https:\/\/indicate.me\/no\/?page_id=17680"},"modified":"2025-09-08T12:04:27","modified_gmt":"2025-09-08T12:04:27","slug":"faq-tekstbaserte-innsikter","status":"publish","type":"page","link":"https:\/\/indicate-me.com\/no\/faq-tekstbaserte-innsikter\/","title":{"rendered":"FAQ Tekstbaserte innsikter"},"content":{"rendered":"<div id='av_section_1'  class='avia-section av-ng2lye-72aead61652aebe77d07de1da7d0c991 main_color avia-section-default avia-no-border-styling  avia-builder-el-0  el_before_av_submenu  avia-builder-el-first  avia-bg-style-scroll container_wrap fullsize'  ><div class='container av-section-cont-open' ><main  role=\"main\" itemprop=\"mainContentOfPage\"  class='template-page content  av-content-full alpha units'><div class='post-entry post-entry-type-page post-entry-17681'><div class='entry-content-wrapper clearfix'>\n<div class='flex_column_table av-mct46kqd-13904ab918ef2d5caf4590782b6308a6 sc-av_one_half av-equal-height-column-flextable'>\n<style type=\"text\/css\" data-created_by=\"avia_inline_auto\" id=\"style-css-av-mct46kqd-13904ab918ef2d5caf4590782b6308a6\">\n.flex_column.av-mct46kqd-13904ab918ef2d5caf4590782b6308a6{\npadding:0 0 0 10%;\n}\n\n@media only screen and (max-width: 479px){ \n.flex_column.av-mct46kqd-13904ab918ef2d5caf4590782b6308a6{\npadding:0 6% 0 6%;\n}\n}\n<\/style>\n<div  class='flex_column av-mct46kqd-13904ab918ef2d5caf4590782b6308a6 av_one_half  avia-builder-el-1  el_before_av_one_half  avia-builder-el-first  first flex_column_table_cell av-equal-height-column av-align-middle  '     ><p>\n<style type=\"text\/css\" data-created_by=\"avia_inline_auto\" id=\"style-css-av-mct4bppw-e9c331678219933d301e98f3b4352d0f\">\n#top .av-special-heading.av-mct4bppw-e9c331678219933d301e98f3b4352d0f{\npadding-bottom:10px;\n}\nbody .av-special-heading.av-mct4bppw-e9c331678219933d301e98f3b4352d0f .av-special-heading-tag .heading-char{\nfont-size:25px;\n}\n.av-special-heading.av-mct4bppw-e9c331678219933d301e98f3b4352d0f .av-subheading{\nfont-size:15px;\ncolor:#855ba3;\n}\n<\/style>\n<div  class='av-special-heading av-mct4bppw-e9c331678219933d301e98f3b4352d0f av-special-heading-h1 custom-color-heading blockquote modern-quote  avia-builder-el-2  el_before_av_textblock  avia-builder-el-first '><div class='av-subheading av-subheading_above'><p>FAQ<\/p>\n<\/div><h1 class='av-special-heading-tag '  itemprop=\"headline\"  >Ofte stilte sp\u00f8rsm\u00e5l og svar<\/h1><div class=\"special-heading-border\"><div class=\"special-heading-inner-border\"><\/div><\/div><\/div><br \/>\n<section  class='av_textblock_section av-mct4bzex-6e52f25c8570046ddd760b921f345328 '   itemscope=\"itemscope\" itemtype=\"https:\/\/schema.org\/CreativeWork\" ><div class='avia_textblock'  itemprop=\"text\" ><p data-start=\"63\" data-end=\"267\">Vil du raskt vite mer om Indicate me, hva <a href=\"https:\/\/techtidningen.se\/deras-ai-coach-kvalitetssakrar-kundmotet\/\">AI Buddy<\/a> gj\u00f8r, eller hvordan dere kan jobbe smartere med AI-genererte innsikter? Sjekk ut v\u00e5r FAQ \u2013 vi har samlet de vanligste sp\u00f8rsm\u00e5lene her.<\/p>\n<\/div><\/section><\/p><\/div><div class='av-flex-placeholder'><\/div>\n<style type=\"text\/css\" data-created_by=\"avia_inline_auto\" id=\"style-css-av-mct46vbu-58acdc932b3a4e1a4290cd19e9819ed9\">\n.flex_column.av-mct46vbu-58acdc932b3a4e1a4290cd19e9819ed9{\npadding:0 10% 0 0;\n}\n\n@media only screen and (max-width: 479px){ \n.flex_column.av-mct46vbu-58acdc932b3a4e1a4290cd19e9819ed9{\npadding:0 6% 0 6%;\n}\n}\n<\/style>\n<div  class='flex_column av-mct46vbu-58acdc932b3a4e1a4290cd19e9819ed9 av_one_half  avia-builder-el-4  el_after_av_one_half  avia-builder-el-last  flex_column_table_cell av-equal-height-column av-align-middle  '     ><style type=\"text\/css\" data-created_by=\"avia_inline_auto\" id=\"style-css-av-mct4am99-694730b2a95aeb8158599c80ff4e432f\">\n.avia-image-container.av-mct4am99-694730b2a95aeb8158599c80ff4e432f img.avia_image{\nbox-shadow:none;\n}\n.avia-image-container.av-mct4am99-694730b2a95aeb8158599c80ff4e432f .av-image-caption-overlay-center{\ncolor:#ffffff;\n}\n<\/style>\n<div  class='avia-image-container av-mct4am99-694730b2a95aeb8158599c80ff4e432f av-styling- avia-align-center  avia-builder-el-5  avia-builder-el-no-sibling '   itemprop=\"image\" itemscope=\"itemscope\" itemtype=\"https:\/\/schema.org\/ImageObject\" ><div class=\"avia-image-container-inner\"><div class=\"avia-image-overlay-wrap\"><img decoding=\"async\" fetchpriority=\"high\" class='wp-image-17671 avia-img-lazy-loading-not-17671 avia_image ' src=\"https:\/\/indicate-me.com\/no\/wp-content\/uploads\/2025\/07\/faq-ofte-stilte-sporsmal-600x400-1.webp\" alt='' title='faq-ofte-stilte- sporsmal-600x400'  height=\"400\" width=\"600\"  itemprop=\"thumbnailUrl\" srcset=\"https:\/\/indicate-me.com\/no\/wp-content\/uploads\/2025\/07\/faq-ofte-stilte-sporsmal-600x400-1.webp 600w, https:\/\/indicate-me.com\/no\/wp-content\/uploads\/2025\/07\/faq-ofte-stilte-sporsmal-600x400-1-300x200.webp 300w\" sizes=\"(max-width: 600px) 100vw, 600px\" \/><\/div><\/div><\/div><\/div><\/div><!--close column table wrapper. Autoclose: 1 -->\n\n<\/div><\/div><\/main><!-- close content main element --><\/div><\/div><div class='clear'><\/div><div id='sub_menu1'  class='av-submenu-container av-mct5pu1m-22576efd206c2d5a39572d56d836578a main_color  avia-builder-el-6  el_after_av_section  el_before_av_section  av-sticky-submenu submenu-not-first container_wrap fullsize' style='z-index:301' ><div class='container av-menu-mobile-disabled av-submenu-pos-center'><ul id='av-custom-submenu-1' class='av-subnav-menu' role='menu'>\n<li class='menu-item av-mct5ppcv-edbeeae25ba67d0b8f6fa61d3c96e874 menu-item-top-level menu-item-top-level-1' role='menuitem'><a href='https:\/\/indicate-me.com\/no\/faq\/'  ><span class='avia-bullet'><\/span><span class='avia-menu-text'>Om Indicate me<\/span><\/a><\/li>\n<li class='menu-item av-27oa9lc-78646767d55c5e99b556928df195ab7e menu-item-top-level menu-item-top-level-2' role='menuitem'><a href='https:\/\/indicate-me.com\/no\/faq-ai-buddy\/'  ><span class='avia-bullet'><\/span><span class='avia-menu-text'>AI Buddy<\/span><\/a><\/li>\n<li class='menu-item av-1h920ds-f510d873f2a15b2d8b3d1ae532323404 menu-item-top-level menu-item-top-level-3' role='menuitem'><a href='https:\/\/indicate-me.com\/no\/faq-tekts-og-taleanalyse\/'  ><span class='avia-bullet'><\/span><span class='avia-menu-text'>Tekst- og taleanalyse<\/span><\/a><\/li>\n<li class='menu-item av-mct5ptgs-b0b8b2fdd4b988ade832bfbce4eddf55 menu-item-top-level av-menu-button av-menu-button-colored menu-item-top-level-4' role='menuitem'><a href='https:\/\/indicate-me.com\/no\/faq-tekstbaserte-innsikter\/'  ><span class='avia-bullet'><\/span><span class='avia-menu-text'>Tekstbaserte innsikter<\/span><\/a><\/li>\n<li class='menu-item av-4sq88g-62563c2173a75655275f6f96dafcf192 menu-item-top-level menu-item-top-level-5' role='menuitem'><a href='https:\/\/indicate-me.com\/no\/faq-kundetilfredshet\/'  ><span class='avia-bullet'><\/span><span class='avia-menu-text'>Kundetilfredshet<\/span><\/a><\/li>\n<li class='menu-item av-jnwrww-0fffc47199e49bdce323595144c7f6bd menu-item-top-level menu-item-top-level-6' role='menuitem'><a href='https:\/\/indicate-me.com\/no\/faq-ai-kategorisering\/'  ><span class='avia-bullet'><\/span><span class='avia-menu-text'>Kategorisering<\/span><\/a><\/li>\n<\/ul><\/div><\/div><div class='sticky_placeholder'><\/div>\n\n<style type=\"text\/css\" data-created_by=\"avia_inline_auto\" id=\"style-css-av-mct4fb0l-2120151e95af89b2fe80c1ab2f1018fd\">\n.avia-section.av-mct4fb0l-2120151e95af89b2fe80c1ab2f1018fd{\nbackground-color:#ebebeb;\nbackground-image:unset;\n}\n<\/style>\n<div id='av_section_2'  class='avia-section av-mct4fb0l-2120151e95af89b2fe80c1ab2f1018fd main_color avia-section-default avia-no-border-styling  avia-builder-el-7  el_after_av_submenu  avia-builder-el-last  avia-bg-style-scroll container_wrap fullsize'  ><div class='container av-section-cont-open' ><div class='template-page content  av-content-full alpha units'><div class='post-entry post-entry-type-page post-entry-17681'><div class='entry-content-wrapper clearfix'>\n\n<style type=\"text\/css\" data-created_by=\"avia_inline_auto\" id=\"style-css-av-mct4cty4-d0e9293db745f2cdd8f13f936594f839\">\n.flex_column.av-mct4cty4-d0e9293db745f2cdd8f13f936594f839{\npadding:3% 15% 3% 15%;\n}\n\n@media only screen and (max-width: 479px){ \n.flex_column.av-mct4cty4-d0e9293db745f2cdd8f13f936594f839{\npadding:0 6% 0 6%;\n}\n}\n<\/style>\n<div  class='flex_column av-mct4cty4-d0e9293db745f2cdd8f13f936594f839 av_one_full  avia-builder-el-8  avia-builder-el-no-sibling  first flex_column_div  '     ><style type=\"text\/css\" data-created_by=\"avia_inline_auto\" id=\"style-css-av-mct4essa-f67b8289613689df154f6ef335f5018d\">\n#top .togglecontainer.av-mct4essa-f67b8289613689df154f6ef335f5018d p.toggler:not(.activeTitle):hover{\ncolor:#ffffff;\nbackground-color:#855ba3;\n}\n#top .togglecontainer.av-mct4essa-f67b8289613689df154f6ef335f5018d p.toggler:not(.activeTitle):hover .toggle_icon, #top .togglecontainer.av-mct4essa-f67b8289613689df154f6ef335f5018d p.toggler:not(.activeTitle):hover .toggle_icon *{\nborder-color:#ffffff !important;\n}\n<\/style>\n<div  class='togglecontainer av-mct4essa-f67b8289613689df154f6ef335f5018d av-elegant-toggle  avia-builder-el-9  avia-builder-el-no-sibling  toggle_close_all'  itemscope=\"itemscope\" itemtype=\"https:\/\/schema.org\/FAQPage\" >\n<section class='av_toggle_section av-mct4dgf1-c43527c78a0d48d0e6c8ff74e8d18891'  itemscope=\"itemscope\" itemprop=\"mainEntity\" itemtype=\"https:\/\/schema.org\/Question\" ><div role=\"tablist\" class=\"single_toggle\" data-tags=\"{Alla} \"  ><p id='toggle-toggle-id-1' data-fake-id='#toggle-id-1' class='toggler  av-title-above '  itemprop=\"name\"  role='tab' tabindex='0' aria-controls='toggle-id-1' data-slide-speed=\"200\" data-title=\"Hva er tekstbaserte innsikter, og hvordan fungerer de i praksis?\" data-title-open=\"\" data-aria_collapsed=\"Click to expand: Hva er tekstbaserte innsikter, og hvordan fungerer de i praksis?\" data-aria_expanded=\"Click to collapse: Hva er tekstbaserte innsikter, og hvordan fungerer de i praksis?\">Hva er tekstbaserte innsikter, og hvordan fungerer de i praksis?<span class=\"toggle_icon\"><span class=\"vert_icon\"><\/span><span class=\"hor_icon\"><\/span><\/span><\/p><div id='toggle-id-1' aria-labelledby='toggle-toggle-id-1' role='region' class='toggle_wrap  av-title-above'   itemscope=\"itemscope\" itemprop=\"acceptedAnswer\" itemtype=\"https:\/\/schema.org\/Answer\" ><div class='toggle_content invers-color '  itemprop=\"text\" ><p>Med hjelp av AI kan vi gj\u00f8re data fra kundedialoger om til verdifulle og handlingsbare innsikter. Med ett klikk kan du stille sp\u00f8rsm\u00e5l og f\u00e5 svar i form av sammendrag, tekstbaserte forklaringer og konkrete eksempler. Verkt\u00f8yet analyserer dataen og presenterer resultatet som tydelige anbefalinger og statistikk \u2013 inkludert hvor stor andel av dialogene som matcher en gitt innsikt.<\/p>\n<\/div><\/div><\/div><\/section>\n<section class='av_toggle_section av-mct4dpsr-fb8d959a4d8841ace4fc4a9a97719680'  itemscope=\"itemscope\" itemprop=\"mainEntity\" itemtype=\"https:\/\/schema.org\/Question\" ><div role=\"tablist\" class=\"single_toggle\" data-tags=\"{Alla} \"  ><p id='toggle-toggle-id-2' data-fake-id='#toggle-id-2' class='toggler  av-title-above '  itemprop=\"name\"  role='tab' tabindex='0' aria-controls='toggle-id-2' data-slide-speed=\"200\" data-title=\"Hvilke typer innsikter kan organisasjoner hente ut?\" data-title-open=\"\" data-aria_collapsed=\"Click to expand: Hvilke typer innsikter kan organisasjoner hente ut?\" data-aria_expanded=\"Click to collapse: Hvilke typer innsikter kan organisasjoner hente ut?\">Hvilke typer innsikter kan organisasjoner hente ut?<span class=\"toggle_icon\"><span class=\"vert_icon\"><\/span><span class=\"hor_icon\"><\/span><\/span><\/p><div id='toggle-id-2' aria-labelledby='toggle-toggle-id-2' role='region' class='toggle_wrap  av-title-above'   itemscope=\"itemscope\" itemprop=\"acceptedAnswer\" itemtype=\"https:\/\/schema.org\/Answer\" ><div class='toggle_content invers-color '  itemprop=\"text\" ><p>Med tekstbaserte innsikter kan organisasjoner raskt identifisere m\u00f8nstre og trender i kundedialoger. Ved hjelp av forh\u00e5ndsdefinerte &#8221;smarte prompt\u00ader&#8221; kan verkt\u00f8yet oppsummere og fremheve for eksempel:<\/p>\n<ul>\n<li>Vanligste \u00e5rsaker til kundekontakt<\/li>\n<li>Mest brukte l\u00f8sninger<\/li>\n<li>Gjentakende kunnskapshull hos medarbeidere<\/li>\n<li>\u00c5rsaker til kontakt ved ul\u00f8ste saker<\/li>\n<li>Kunnskapshull knyttet til ul\u00f8ste saker<\/li>\n<\/ul>\n<\/div><\/div><\/div><\/section>\n<section class='av_toggle_section av-mct4e2ay-bed887ebdc68ddcd5cdf3ded92c22e11'  itemscope=\"itemscope\" itemprop=\"mainEntity\" itemtype=\"https:\/\/schema.org\/Question\" ><div role=\"tablist\" class=\"single_toggle\" data-tags=\"{Alla} \"  ><p id='toggle-toggle-id-3' data-fake-id='#toggle-id-3' class='toggler  av-title-above '  itemprop=\"name\"  role='tab' tabindex='0' aria-controls='toggle-id-3' data-slide-speed=\"200\" data-title=\"Hvordan hjelper tekstbaserte innsikter organisasjoner \u00e5 ta raskere og bedre beslutninger?\" data-title-open=\"\" data-aria_collapsed=\"Click to expand: Hvordan hjelper tekstbaserte innsikter organisasjoner \u00e5 ta raskere og bedre beslutninger?\" data-aria_expanded=\"Click to collapse: Hvordan hjelper tekstbaserte innsikter organisasjoner \u00e5 ta raskere og bedre beslutninger?\">Hvordan hjelper tekstbaserte innsikter organisasjoner \u00e5 ta raskere og bedre beslutninger?<span class=\"toggle_icon\"><span class=\"vert_icon\"><\/span><span class=\"hor_icon\"><\/span><\/span><\/p><div id='toggle-id-3' aria-labelledby='toggle-toggle-id-3' role='region' class='toggle_wrap  av-title-above'   itemscope=\"itemscope\" itemprop=\"acceptedAnswer\" itemtype=\"https:\/\/schema.org\/Answer\" ><div class='toggle_content invers-color '  itemprop=\"text\" ><p>Tekstbaserte innsikter gir automatiske svar, anbefalinger og sammendrag basert p\u00e5 data \u2013 noe som gj\u00f8r beslutninger raskere og mer kunnskapsbaserte. Verkt\u00f8yet presenterer konkrete eksempler og statistikk \u2013 for eksempel prosentvis treffgrad \u2013 og gir et objektivt beslutningsgrunnlag. Slik blir det enklere \u00e5 identifisere problemomr\u00e5der, forst\u00e5 kundebehov og oppdage forbedringsmuligheter.<\/p>\n<\/div><\/div><\/div><\/section>\n<section class='av_toggle_section av-mct4egk3-c508738d6bd9df30da04ba53efe99701'  itemscope=\"itemscope\" itemprop=\"mainEntity\" itemtype=\"https:\/\/schema.org\/Question\" ><div role=\"tablist\" class=\"single_toggle\" data-tags=\"{Alla} \"  ><p id='toggle-toggle-id-4' data-fake-id='#toggle-id-4' class='toggler  av-title-above '  itemprop=\"name\"  role='tab' tabindex='0' aria-controls='toggle-id-4' data-slide-speed=\"200\" data-title=\"Kan man filtrere data for \u00e5 f\u00e5 avdelingsspesifikke innsikter?\" data-title-open=\"\" data-aria_collapsed=\"Click to expand: Kan man filtrere data for \u00e5 f\u00e5 avdelingsspesifikke innsikter?\" data-aria_expanded=\"Click to collapse: Kan man filtrere data for \u00e5 f\u00e5 avdelingsspesifikke innsikter?\">Kan man filtrere data for \u00e5 f\u00e5 avdelingsspesifikke innsikter?<span class=\"toggle_icon\"><span class=\"vert_icon\"><\/span><span class=\"hor_icon\"><\/span><\/span><\/p><div id='toggle-id-4' aria-labelledby='toggle-toggle-id-4' role='region' class='toggle_wrap  av-title-above'   itemscope=\"itemscope\" itemprop=\"acceptedAnswer\" itemtype=\"https:\/\/schema.org\/Answer\" ><div class='toggle_content invers-color '  itemprop=\"text\" ><p>Ja. Verkt\u00f8yet har filtreringsfunksjoner som gj\u00f8r det mulig \u00e5 analysere de interaksjonene som er mest relevante for hver avdeling. En \u00f8konomiavdeling kan for eksempel fokusere p\u00e5 betalingshenvendelser, mens markedsavdelingen kan analysere data knyttet til en bestemt kampanje. Slik blir innsiktene avdelingsspesifikke, relevante og direkte anvendbare.<\/p>\n<\/div><\/div><\/div><\/section>\n<\/div><\/div>\n","protected":false},"excerpt":{"rendered":"","protected":false},"author":3,"featured_media":0,"parent":0,"menu_order":0,"comment_status":"closed","ping_status":"closed","template":"","meta":{"footnotes":""},"class_list":["post-17681","page","type-page","status-publish","hentry"],"_links":{"self":[{"href":"https:\/\/indicate-me.com\/no\/wp-json\/wp\/v2\/pages\/17681","targetHints":{"allow":["GET"]}}],"collection":[{"href":"https:\/\/indicate-me.com\/no\/wp-json\/wp\/v2\/pages"}],"about":[{"href":"https:\/\/indicate-me.com\/no\/wp-json\/wp\/v2\/types\/page"}],"author":[{"embeddable":true,"href":"https:\/\/indicate-me.com\/no\/wp-json\/wp\/v2\/users\/3"}],"replies":[{"embeddable":true,"href":"https:\/\/indicate-me.com\/no\/wp-json\/wp\/v2\/comments?post=17681"}],"version-history":[{"count":1,"href":"https:\/\/indicate-me.com\/no\/wp-json\/wp\/v2\/pages\/17681\/revisions"}],"predecessor-version":[{"id":17793,"href":"https:\/\/indicate-me.com\/no\/wp-json\/wp\/v2\/pages\/17681\/revisions\/17793"}],"wp:attachment":[{"href":"https:\/\/indicate-me.com\/no\/wp-json\/wp\/v2\/media?parent=17681"}],"curies":[{"name":"wp","href":"https:\/\/api.w.org\/{rel}","templated":true}]}}