{"id":17687,"date":"2025-07-07T15:45:49","date_gmt":"2025-07-07T13:45:49","guid":{"rendered":"https:\/\/indicate.me\/no\/?page_id=17686"},"modified":"2025-09-08T12:11:03","modified_gmt":"2025-09-08T12:11:03","slug":"faq-ai-kategorisering","status":"publish","type":"page","link":"https:\/\/indicate-me.com\/no\/faq-ai-kategorisering\/","title":{"rendered":"FAQ AI Kategorisering"},"content":{"rendered":"<div id='av_section_1'  class='avia-section av-ng2lye-72aead61652aebe77d07de1da7d0c991 main_color avia-section-default avia-no-border-styling  avia-builder-el-0  el_before_av_submenu  avia-builder-el-first  avia-bg-style-scroll container_wrap fullsize'  ><div class='container av-section-cont-open' ><main  role=\"main\" itemprop=\"mainContentOfPage\"  class='template-page content  av-content-full alpha units'><div class='post-entry post-entry-type-page post-entry-17687'><div class='entry-content-wrapper clearfix'>\n<div class='flex_column_table av-mct46kqd-13904ab918ef2d5caf4590782b6308a6 sc-av_one_half av-equal-height-column-flextable'>\n<style type=\"text\/css\" data-created_by=\"avia_inline_auto\" id=\"style-css-av-mct46kqd-13904ab918ef2d5caf4590782b6308a6\">\n.flex_column.av-mct46kqd-13904ab918ef2d5caf4590782b6308a6{\npadding:0 0 0 10%;\n}\n\n@media only screen and (max-width: 479px){ \n.flex_column.av-mct46kqd-13904ab918ef2d5caf4590782b6308a6{\npadding:0 6% 0 6%;\n}\n}\n<\/style>\n<div  class='flex_column av-mct46kqd-13904ab918ef2d5caf4590782b6308a6 av_one_half  avia-builder-el-1  el_before_av_one_half  avia-builder-el-first  first flex_column_table_cell av-equal-height-column av-align-middle  '     ><p>\n<style type=\"text\/css\" data-created_by=\"avia_inline_auto\" id=\"style-css-av-mct4bppw-e9c331678219933d301e98f3b4352d0f\">\n#top .av-special-heading.av-mct4bppw-e9c331678219933d301e98f3b4352d0f{\npadding-bottom:10px;\n}\nbody .av-special-heading.av-mct4bppw-e9c331678219933d301e98f3b4352d0f .av-special-heading-tag .heading-char{\nfont-size:25px;\n}\n.av-special-heading.av-mct4bppw-e9c331678219933d301e98f3b4352d0f .av-subheading{\nfont-size:15px;\ncolor:#855ba3;\n}\n<\/style>\n<div  class='av-special-heading av-mct4bppw-e9c331678219933d301e98f3b4352d0f av-special-heading-h1 custom-color-heading blockquote modern-quote  avia-builder-el-2  el_before_av_textblock  avia-builder-el-first '><div class='av-subheading av-subheading_above'><p>FAQ<\/p>\n<\/div><h1 class='av-special-heading-tag '  itemprop=\"headline\"  >Ofte stilte sp\u00f8rsm\u00e5l og svar<\/h1><div class=\"special-heading-border\"><div class=\"special-heading-inner-border\"><\/div><\/div><\/div><br \/>\n<section  class='av_textblock_section av-mct4bzex-6e52f25c8570046ddd760b921f345328 '   itemscope=\"itemscope\" itemtype=\"https:\/\/schema.org\/CreativeWork\" ><div class='avia_textblock'  itemprop=\"text\" ><p data-start=\"63\" data-end=\"267\">Vil du raskt vite mer om Indicate me, hva <a href=\"https:\/\/techtidningen.se\/deras-ai-coach-kvalitetssakrar-kundmotet\/\">AI Buddy<\/a> gj\u00f8r, eller hvordan dere kan jobbe smartere med AI-genererte innsikter? Sjekk ut v\u00e5r FAQ \u2013 vi har samlet de vanligste sp\u00f8rsm\u00e5lene her.<\/p>\n<\/div><\/section><\/p><\/div><div class='av-flex-placeholder'><\/div>\n<style type=\"text\/css\" data-created_by=\"avia_inline_auto\" id=\"style-css-av-mct46vbu-58acdc932b3a4e1a4290cd19e9819ed9\">\n.flex_column.av-mct46vbu-58acdc932b3a4e1a4290cd19e9819ed9{\npadding:0 10% 0 0;\n}\n\n@media only screen and (max-width: 479px){ \n.flex_column.av-mct46vbu-58acdc932b3a4e1a4290cd19e9819ed9{\npadding:0 6% 0 6%;\n}\n}\n<\/style>\n<div  class='flex_column av-mct46vbu-58acdc932b3a4e1a4290cd19e9819ed9 av_one_half  avia-builder-el-4  el_after_av_one_half  avia-builder-el-last  flex_column_table_cell av-equal-height-column av-align-middle  '     ><style type=\"text\/css\" data-created_by=\"avia_inline_auto\" id=\"style-css-av-mct4am99-694730b2a95aeb8158599c80ff4e432f\">\n.avia-image-container.av-mct4am99-694730b2a95aeb8158599c80ff4e432f img.avia_image{\nbox-shadow:none;\n}\n.avia-image-container.av-mct4am99-694730b2a95aeb8158599c80ff4e432f .av-image-caption-overlay-center{\ncolor:#ffffff;\n}\n<\/style>\n<div  class='avia-image-container av-mct4am99-694730b2a95aeb8158599c80ff4e432f av-styling- avia-align-center  avia-builder-el-5  avia-builder-el-no-sibling '   itemprop=\"image\" itemscope=\"itemscope\" itemtype=\"https:\/\/schema.org\/ImageObject\" ><div class=\"avia-image-container-inner\"><div class=\"avia-image-overlay-wrap\"><img decoding=\"async\" fetchpriority=\"high\" class='wp-image-17671 avia-img-lazy-loading-not-17671 avia_image ' src=\"https:\/\/indicate-me.com\/no\/wp-content\/uploads\/2025\/07\/faq-ofte-stilte-sporsmal-600x400-1.webp\" alt='' title='faq-ofte-stilte- sporsmal-600x400'  height=\"400\" width=\"600\"  itemprop=\"thumbnailUrl\" srcset=\"https:\/\/indicate-me.com\/no\/wp-content\/uploads\/2025\/07\/faq-ofte-stilte-sporsmal-600x400-1.webp 600w, https:\/\/indicate-me.com\/no\/wp-content\/uploads\/2025\/07\/faq-ofte-stilte-sporsmal-600x400-1-300x200.webp 300w\" sizes=\"(max-width: 600px) 100vw, 600px\" \/><\/div><\/div><\/div><\/div><\/div><!--close column table wrapper. Autoclose: 1 -->\n\n<\/div><\/div><\/main><!-- close content main element --><\/div><\/div><div class='clear'><\/div><div id='sub_menu1'  class='av-submenu-container av-mct5rj08-2471a77e46048dfe193f335ad5ec35b4 main_color  avia-builder-el-6  el_after_av_section  el_before_av_section  av-sticky-submenu submenu-not-first container_wrap fullsize' style='z-index:301' ><div class='container av-menu-mobile-disabled av-submenu-pos-center'><ul id='av-custom-submenu-1' class='av-subnav-menu' role='menu'>\n<li class='menu-item av-mct5rftv-c2099a0ef999df02cc74e2cbb8dc60ab menu-item-top-level menu-item-top-level-1' role='menuitem'><a href='https:\/\/indicate-me.com\/no\/faq\/'  ><span class='avia-bullet'><\/span><span class='avia-menu-text'>Om Indicate me<\/span><\/a><\/li>\n<li class='menu-item av-6z2vg6-01279eb6c60032117a2fed7e77eb1cf6 menu-item-top-level menu-item-top-level-2' role='menuitem'><a href='https:\/\/indicate-me.com\/no\/faq-ai-buddy\/'  ><span class='avia-bullet'><\/span><span class='avia-menu-text'>AI Buddy<\/span><\/a><\/li>\n<li class='menu-item av-1o8yifq-c18b54207888a581ddd6ff49c9356a03 menu-item-top-level menu-item-top-level-3' role='menuitem'><a href='https:\/\/indicate-me.com\/no\/faq-tekts-og-taleanalyse\/'  ><span class='avia-bullet'><\/span><span class='avia-menu-text'>Tekst- og taleanalyse<\/span><\/a><\/li>\n<li class='menu-item av-15epi3a-ba33ae66f1c418b9d84af6f69e609caa menu-item-top-level menu-item-top-level-4' role='menuitem'><a href='https:\/\/indicate-me.com\/no\/faq-tekstbaserte-innsikter\/'  ><span class='avia-bullet'><\/span><span class='avia-menu-text'>Tekstbaserte innsikter<\/span><\/a><\/li>\n<li class='menu-item av-o9azrq-889ffd1add91cb54eea9f8d4468a6991 menu-item-top-level menu-item-top-level-5' role='menuitem'><a href='https:\/\/indicate-me.com\/no\/faq-kundetilfredshet\/'  ><span class='avia-bullet'><\/span><span class='avia-menu-text'>Kundetilfredshet<\/span><\/a><\/li>\n<li class='menu-item av-mct5riqn-3699969fe32d36030d4fb8c434f7be98 menu-item-top-level av-menu-button av-menu-button-colored menu-item-top-level-6' role='menuitem'><a href='https:\/\/indicate-me.com\/no\/faq-ai-kategorisering\/'  ><span class='avia-bullet'><\/span><span class='avia-menu-text'>Kategorisering<\/span><\/a><\/li>\n<\/ul><\/div><\/div><div class='sticky_placeholder'><\/div>\n\n<style type=\"text\/css\" data-created_by=\"avia_inline_auto\" id=\"style-css-av-mct4fb0l-2120151e95af89b2fe80c1ab2f1018fd\">\n.avia-section.av-mct4fb0l-2120151e95af89b2fe80c1ab2f1018fd{\nbackground-color:#ebebeb;\nbackground-image:unset;\n}\n<\/style>\n<div id='av_section_2'  class='avia-section av-mct4fb0l-2120151e95af89b2fe80c1ab2f1018fd main_color avia-section-default avia-no-border-styling  avia-builder-el-7  el_after_av_submenu  avia-builder-el-last  avia-bg-style-scroll container_wrap fullsize'  ><div class='container av-section-cont-open' ><div class='template-page content  av-content-full alpha units'><div class='post-entry post-entry-type-page post-entry-17687'><div class='entry-content-wrapper clearfix'>\n\n<style type=\"text\/css\" data-created_by=\"avia_inline_auto\" id=\"style-css-av-mct4cty4-d0e9293db745f2cdd8f13f936594f839\">\n.flex_column.av-mct4cty4-d0e9293db745f2cdd8f13f936594f839{\npadding:3% 15% 3% 15%;\n}\n\n@media only screen and (max-width: 479px){ \n.flex_column.av-mct4cty4-d0e9293db745f2cdd8f13f936594f839{\npadding:0 6% 0 6%;\n}\n}\n<\/style>\n<div  class='flex_column av-mct4cty4-d0e9293db745f2cdd8f13f936594f839 av_one_full  avia-builder-el-8  avia-builder-el-no-sibling  first flex_column_div  '     ><style type=\"text\/css\" data-created_by=\"avia_inline_auto\" id=\"style-css-av-mct4essa-f67b8289613689df154f6ef335f5018d\">\n#top .togglecontainer.av-mct4essa-f67b8289613689df154f6ef335f5018d p.toggler:not(.activeTitle):hover{\ncolor:#ffffff;\nbackground-color:#855ba3;\n}\n#top .togglecontainer.av-mct4essa-f67b8289613689df154f6ef335f5018d p.toggler:not(.activeTitle):hover .toggle_icon, #top .togglecontainer.av-mct4essa-f67b8289613689df154f6ef335f5018d p.toggler:not(.activeTitle):hover .toggle_icon *{\nborder-color:#ffffff !important;\n}\n<\/style>\n<div  class='togglecontainer av-mct4essa-f67b8289613689df154f6ef335f5018d av-elegant-toggle  avia-builder-el-9  avia-builder-el-no-sibling  toggle_close_all'  itemscope=\"itemscope\" itemtype=\"https:\/\/schema.org\/FAQPage\" >\n<section class='av_toggle_section av-mct4dgf1-788110742699c535071d312d01244f0b'  itemscope=\"itemscope\" itemprop=\"mainEntity\" itemtype=\"https:\/\/schema.org\/Question\" ><div role=\"tablist\" class=\"single_toggle\" data-tags=\"{Alla} \"  ><p id='toggle-toggle-id-1' data-fake-id='#toggle-id-1' class='toggler  av-title-above '  itemprop=\"name\"  role='tab' tabindex='0' aria-controls='toggle-id-1' data-slide-speed=\"200\" data-title=\"Hva er AI-generert kategorisering, og hvordan fungerer den i praksis?\" data-title-open=\"\" data-aria_collapsed=\"Click to expand: Hva er AI-generert kategorisering, og hvordan fungerer den i praksis?\" data-aria_expanded=\"Click to collapse: Hva er AI-generert kategorisering, og hvordan fungerer den i praksis?\">Hva er AI-generert kategorisering, og hvordan fungerer den i praksis?<span class=\"toggle_icon\"><span class=\"vert_icon\"><\/span><span class=\"hor_icon\"><\/span><\/span><\/p><div id='toggle-id-1' aria-labelledby='toggle-toggle-id-1' role='region' class='toggle_wrap  av-title-above'   itemscope=\"itemscope\" itemprop=\"acceptedAnswer\" itemtype=\"https:\/\/schema.org\/Answer\" ><div class='toggle_content invers-color '  itemprop=\"text\" ><p>AI-generert kategorisering er en funksjon som automatisk sorterer kundesaker etter innhold ved hjelp av AI. Den er rask, treffsikker og eliminerer behovet for manuelt arbeid. I motsetning til manuell kategorisering kan AI h\u00e5ndtere flere temaer i samme sak, redusere menneskelige feil og frigj\u00f8re tid til mer verdiskapende arbeid.<\/p>\n<\/div><\/div><\/div><\/section>\n<section class='av_toggle_section av-mct4dpsr-fad64866a001e9cb278367171a0e08ed'  itemscope=\"itemscope\" itemprop=\"mainEntity\" itemtype=\"https:\/\/schema.org\/Question\" ><div role=\"tablist\" class=\"single_toggle\" data-tags=\"{Alla} \"  ><p id='toggle-toggle-id-2' data-fake-id='#toggle-id-2' class='toggler  av-title-above '  itemprop=\"name\"  role='tab' tabindex='0' aria-controls='toggle-id-2' data-slide-speed=\"200\" data-title=\"Hvordan skiller Indicate me sin AI-kategorisering seg fra tradisjonelle systemer?\" data-title-open=\"\" data-aria_collapsed=\"Click to expand: Hvordan skiller Indicate me sin AI-kategorisering seg fra tradisjonelle systemer?\" data-aria_expanded=\"Click to collapse: Hvordan skiller Indicate me sin AI-kategorisering seg fra tradisjonelle systemer?\">Hvordan skiller Indicate me sin AI-kategorisering seg fra tradisjonelle systemer?<span class=\"toggle_icon\"><span class=\"vert_icon\"><\/span><span class=\"hor_icon\"><\/span><\/span><\/p><div id='toggle-id-2' aria-labelledby='toggle-toggle-id-2' role='region' class='toggle_wrap  av-title-above'   itemscope=\"itemscope\" itemprop=\"acceptedAnswer\" itemtype=\"https:\/\/schema.org\/Answer\" ><div class='toggle_content invers-color '  itemprop=\"text\" ><p>I motsetning til mange automatiske kategoriseringstjenester som bygger p\u00e5 synonym\u00adlister, krever Indicate me ingen manuell liste over ord kundene kan bruke. V\u00e5r AI forst\u00e5r automatisk at en sak om &#8221;faktura&#8221;, &#8221;Swish&#8221; eller &#8221;forfallsdato&#8221; h\u00f8rer til betalingskategorien. Samtidig er det mulig \u00e5 legge til synonymer eller flagg for finjustering, som gir en kombinasjon av automatisering og fleksibilitet.<\/p>\n<\/div><\/div><\/div><\/section>\n<section class='av_toggle_section av-mct4e2ay-3d4b8a91cfe2dc2878d4f7ed0215d53f'  itemscope=\"itemscope\" itemprop=\"mainEntity\" itemtype=\"https:\/\/schema.org\/Question\" ><div role=\"tablist\" class=\"single_toggle\" data-tags=\"{Alla} \"  ><p id='toggle-toggle-id-3' data-fake-id='#toggle-id-3' class='toggler  av-title-above '  itemprop=\"name\"  role='tab' tabindex='0' aria-controls='toggle-id-3' data-slide-speed=\"200\" data-title=\"Hva er de viktigste fordelene med AI-generert kategorisering?\" data-title-open=\"\" data-aria_collapsed=\"Click to expand: Hva er de viktigste fordelene med AI-generert kategorisering?\" data-aria_expanded=\"Click to collapse: Hva er de viktigste fordelene med AI-generert kategorisering?\">Hva er de viktigste fordelene med AI-generert kategorisering?<span class=\"toggle_icon\"><span class=\"vert_icon\"><\/span><span class=\"hor_icon\"><\/span><\/span><\/p><div id='toggle-id-3' aria-labelledby='toggle-toggle-id-3' role='region' class='toggle_wrap  av-title-above'   itemscope=\"itemscope\" itemprop=\"acceptedAnswer\" itemtype=\"https:\/\/schema.org\/Answer\" ><div class='toggle_content invers-color '  itemprop=\"text\" ><p>Fordelene er at prosessen automatiseres, menneskelige feil elimineres, og opptil 100 % av interaksjonene kategoriseres. AI kan ogs\u00e5 knytte en sak til flere kategorier dersom den inneholder flere temaer. For eksempel kan en kunde som ringer om en betaling, samtidig sp\u00f8r om nettsiden og vil oppgradere abonnementet, f\u00e5 saken plassert i alle tre kategorier. Det frigj\u00f8r medarbeidernes tid, \u00f8ker effektiviteten og gir et tydeligere bilde av hvorfor kunder tar kontakt.<\/p>\n<\/div><\/div><\/div><\/section>\n<section class='av_toggle_section av-mct4egk3-f025a1040262acb5f36ee655d87b6c67'  itemscope=\"itemscope\" itemprop=\"mainEntity\" itemtype=\"https:\/\/schema.org\/Question\" ><div role=\"tablist\" class=\"single_toggle\" data-tags=\"{Alla} \"  ><p id='toggle-toggle-id-4' data-fake-id='#toggle-id-4' class='toggler  av-title-above '  itemprop=\"name\"  role='tab' tabindex='0' aria-controls='toggle-id-4' data-slide-speed=\"200\" data-title=\"Hva er trackers i Indicate me, og hvordan brukes de?\" data-title-open=\"\" data-aria_collapsed=\"Click to expand: Hva er trackers i Indicate me, og hvordan brukes de?\" data-aria_expanded=\"Click to collapse: Hva er trackers i Indicate me, og hvordan brukes de?\">Hva er trackers i Indicate me, og hvordan brukes de?<span class=\"toggle_icon\"><span class=\"vert_icon\"><\/span><span class=\"hor_icon\"><\/span><\/span><\/p><div id='toggle-id-4' aria-labelledby='toggle-toggle-id-4' role='region' class='toggle_wrap  av-title-above'   itemscope=\"itemscope\" itemprop=\"acceptedAnswer\" itemtype=\"https:\/\/schema.org\/Answer\" ><div class='toggle_content invers-color '  itemprop=\"text\" ><p>Trackers er en funksjon i Indicate me som ved hjelp av tekst- og taleanalyse automatisk sporer utvalgte hendelser og n\u00f8kkelord i kundedialoger. De kan for eksempel brukes til \u00e5 oppdage kunnskapshull hos ansatte, f\u00f8lge omtale av rabattkoder eller identifisere n\u00e5r konkurrenter nevnes. Slik f\u00e5r virksomheter bedre kontroll p\u00e5 viktige hendelser og trender.<\/p>\n<\/div><\/div><\/div><\/section>\n<section class='av_toggle_section av-mfb2xv7q-1099fa39cefa58e1086d9471338062db'  itemscope=\"itemscope\" itemprop=\"mainEntity\" itemtype=\"https:\/\/schema.org\/Question\" ><div role=\"tablist\" class=\"single_toggle\" data-tags=\"{Alla} \"  ><p id='toggle-toggle-id-5' data-fake-id='#toggle-id-5' class='toggler  av-title-above '  itemprop=\"name\"  role='tab' tabindex='0' aria-controls='toggle-id-5' data-slide-speed=\"200\" data-title=\"Hvordan kategoriserer AI samtaler og kundesaker automatisk?\" data-title-open=\"\" data-aria_collapsed=\"Click to expand: Hvordan kategoriserer AI samtaler og kundesaker automatisk?\" data-aria_expanded=\"Click to collapse: Hvordan kategoriserer AI samtaler og kundesaker automatisk?\">Hvordan kategoriserer AI samtaler og kundesaker automatisk?<span class=\"toggle_icon\"><span class=\"vert_icon\"><\/span><span class=\"hor_icon\"><\/span><\/span><\/p><div id='toggle-id-5' aria-labelledby='toggle-toggle-id-5' role='region' class='toggle_wrap  av-title-above'   itemscope=\"itemscope\" itemprop=\"acceptedAnswer\" itemtype=\"https:\/\/schema.org\/Answer\" ><div class='toggle_content invers-color '  itemprop=\"text\" ><p>Til kategorisering bruker vi generativ AI (GenAI) som analyserer kundedialoger og identifiserer hoved\u00e5rsaken til kontakt samt eventuelle underliggende faktorer. Basert p\u00e5 dette plasseres saken i riktig hoved- og underkategori.<\/p>\n<\/div><\/div><\/div><\/section>\n<section class='av_toggle_section av-mfb2y46w-a9bbd22cd1ea47e203004ef1608e9c89'  itemscope=\"itemscope\" itemprop=\"mainEntity\" itemtype=\"https:\/\/schema.org\/Question\" ><div role=\"tablist\" class=\"single_toggle\" data-tags=\"{Alla} \"  ><p id='toggle-toggle-id-6' data-fake-id='#toggle-id-6' class='toggler  av-title-above '  itemprop=\"name\"  role='tab' tabindex='0' aria-controls='toggle-id-6' data-slide-speed=\"200\" data-title=\"Hvilke typer kundedialoger kan AI kategorisere?\" data-title-open=\"\" data-aria_collapsed=\"Click to expand: Hvilke typer kundedialoger kan AI kategorisere?\" data-aria_expanded=\"Click to collapse: Hvilke typer kundedialoger kan AI kategorisere?\">Hvilke typer kundedialoger kan AI kategorisere?<span class=\"toggle_icon\"><span class=\"vert_icon\"><\/span><span class=\"hor_icon\"><\/span><\/span><\/p><div id='toggle-id-6' aria-labelledby='toggle-toggle-id-6' role='region' class='toggle_wrap  av-title-above'   itemscope=\"itemscope\" itemprop=\"acceptedAnswer\" itemtype=\"https:\/\/schema.org\/Answer\" ><div class='toggle_content invers-color '  itemprop=\"text\" ><p>AI kan kategorisere kundedialoger uansett kanal \u2013 telefoni, e-post eller chat. Resultatet er ferdig statistikk over hvorfor kundene kontakter dere.<\/p>\n<\/div><\/div><\/div><\/section>\n<section class='av_toggle_section av-mfb2yhpy-19b6d3a4a728f11cadeaac3bbb501f6f'  itemscope=\"itemscope\" itemprop=\"mainEntity\" itemtype=\"https:\/\/schema.org\/Question\" ><div role=\"tablist\" class=\"single_toggle\" data-tags=\"{Alla} \"  ><p id='toggle-toggle-id-7' data-fake-id='#toggle-id-7' class='toggler  av-title-above '  itemprop=\"name\"  role='tab' tabindex='0' aria-controls='toggle-id-7' data-slide-speed=\"200\" data-title=\"Hva er AI-oppsummeringer av kundedialoger?\" data-title-open=\"\" data-aria_collapsed=\"Click to expand: Hva er AI-oppsummeringer av kundedialoger?\" data-aria_expanded=\"Click to collapse: Hva er AI-oppsummeringer av kundedialoger?\">Hva er AI-oppsummeringer av kundedialoger?<span class=\"toggle_icon\"><span class=\"vert_icon\"><\/span><span class=\"hor_icon\"><\/span><\/span><\/p><div id='toggle-id-7' aria-labelledby='toggle-toggle-id-7' role='region' class='toggle_wrap  av-title-above'   itemscope=\"itemscope\" itemprop=\"acceptedAnswer\" itemtype=\"https:\/\/schema.org\/Answer\" ><div class='toggle_content invers-color '  itemprop=\"text\" ><p>AI-oppsummering betyr at saken automatisk oppsummeres. Dere f\u00e5r en kortfattet beskrivelse av det viktigste i samtalen: hva den handlet om, om den ble l\u00f8st, og hvordan den ble l\u00f8st. Oppsummeringen kan ogs\u00e5 f\u00f8res direkte inn i CRM-systemet p\u00e5 kundekortet.<\/p>\n<\/div><\/div><\/div><\/section>\n<section class='av_toggle_section av-mfb2yw4h-cdff1d1b5c833337a40e6f482c314276'  itemscope=\"itemscope\" itemprop=\"mainEntity\" itemtype=\"https:\/\/schema.org\/Question\" ><div role=\"tablist\" class=\"single_toggle\" data-tags=\"{Alla} \"  ><p id='toggle-toggle-id-8' data-fake-id='#toggle-id-8' class='toggler  av-title-above '  itemprop=\"name\"  role='tab' tabindex='0' aria-controls='toggle-id-8' data-slide-speed=\"200\" data-title=\"Kan kategorisering og AI-oppsummering automatisk f\u00f8res inn i CRM-systemet v\u00e5rt?\" data-title-open=\"\" data-aria_collapsed=\"Click to expand: Kan kategorisering og AI-oppsummering automatisk f\u00f8res inn i CRM-systemet v\u00e5rt?\" data-aria_expanded=\"Click to collapse: Kan kategorisering og AI-oppsummering automatisk f\u00f8res inn i CRM-systemet v\u00e5rt?\">Kan kategorisering og AI-oppsummering automatisk f\u00f8res inn i CRM-systemet v\u00e5rt?<span class=\"toggle_icon\"><span class=\"vert_icon\"><\/span><span class=\"hor_icon\"><\/span><\/span><\/p><div id='toggle-id-8' aria-labelledby='toggle-toggle-id-8' role='region' class='toggle_wrap  av-title-above'   itemscope=\"itemscope\" itemprop=\"acceptedAnswer\" itemtype=\"https:\/\/schema.org\/Answer\" ><div class='toggle_content invers-color '  itemprop=\"text\" ><p>Ja. Med v\u00e5rt API kan CRM-systemet deres hente b\u00e5de kategorisering og AI-oppsummeringer av saker. P\u00e5 den m\u00e5ten er kundekortet alltid oppdatert \u2013 uten manuell h\u00e5ndtering.<\/p>\n<\/div><\/div><\/div><\/section>\n<\/div><\/div>\n","protected":false},"excerpt":{"rendered":"","protected":false},"author":3,"featured_media":0,"parent":0,"menu_order":0,"comment_status":"closed","ping_status":"closed","template":"","meta":{"footnotes":""},"class_list":["post-17687","page","type-page","status-publish","hentry"],"_links":{"self":[{"href":"https:\/\/indicate-me.com\/no\/wp-json\/wp\/v2\/pages\/17687","targetHints":{"allow":["GET"]}}],"collection":[{"href":"https:\/\/indicate-me.com\/no\/wp-json\/wp\/v2\/pages"}],"about":[{"href":"https:\/\/indicate-me.com\/no\/wp-json\/wp\/v2\/types\/page"}],"author":[{"embeddable":true,"href":"https:\/\/indicate-me.com\/no\/wp-json\/wp\/v2\/users\/3"}],"replies":[{"embeddable":true,"href":"https:\/\/indicate-me.com\/no\/wp-json\/wp\/v2\/comments?post=17687"}],"version-history":[{"count":1,"href":"https:\/\/indicate-me.com\/no\/wp-json\/wp\/v2\/pages\/17687\/revisions"}],"predecessor-version":[{"id":17797,"href":"https:\/\/indicate-me.com\/no\/wp-json\/wp\/v2\/pages\/17687\/revisions\/17797"}],"wp:attachment":[{"href":"https:\/\/indicate-me.com\/no\/wp-json\/wp\/v2\/media?parent=17687"}],"curies":[{"name":"wp","href":"https:\/\/api.w.org\/{rel}","templated":true}]}}